{"id":9,"date":"2023-03-13T22:27:45","date_gmt":"2023-03-13T20:27:45","guid":{"rendered":"http:\/\/www.latech.com.ro\/?page_id=9"},"modified":"2025-12-14T17:40:56","modified_gmt":"2025-12-14T15:40:56","slug":"despre-noi","status":"publish","type":"page","link":"https:\/\/www.latech.com.ro\/ro\/despre-noi\/","title":{"rendered":"Despre Noi"},"content":{"rendered":"<p>Latech Composite este divizia implicat\u0103 \u00een produc\u0163ia \u015fi distribu\u0163ia de produse din lemn plastifiat a firmei TOP TRUCK SRL,\u00a0 \u00een special pardoseli compozite, dar \u0219i alte tipuri de profile\u00a0 cu diverse utiliz\u0103ri \u00een amenaj\u0103ri exterioare, cum ar fi:\u00a0 amenaj\u0103ri balcoane,\u00a0 cur\u0163i interioare, terase reziden\u021biale sau comerciale,\u00a0 pontoane piscine, mobilier urban, alei pietonale, garduri, c\u0103su\u021be gr\u0103din\u0103, fa\u021bade cl\u0103diri,\u00a0 riflaje pere\u021bi , fa\u021bade, tavane, etc. \u00a0Folosirea produselor din materiale compozite a luat o amploare masre \u00een ultimul timp, datorit\u0103 calit\u0103\u021bilor lor deosebite, \u00eentre\u021binerii reduse, rezisten\u021ba \u00een timp la intemperii,\u00a0 fiind prietenoase cu mediul \u00eenconjur\u0103tor . Sunt materiale usoare, rezistente, au un aspect placut \u015fi \u00eenlocuiesc cu succes materialele clasice folosite pentru pardoseli, garduri, fa\u021bade, etc.<\/p>\n<h2 style=\"text-align: center;\">Latech Composite &#8211; Inovatie Ecologica<\/h2>\n<p style=\"text-align: center;\"><iframe loading=\"lazy\" src=\"https:\/\/www.youtube.com\/embed\/2kVyp8Idt9Q?rel=0&amp;showinfo=0\" width=\"800\" height=\"450\" frameborder=\"0\" allowfullscreen=\"allowfullscreen\"><\/iframe><\/p>\n<ul>\n<li><strong>Natur\u0103 + Tehnologie<\/strong><\/li>\n<\/ul>\n<p>Pardoselile Compozite combin\u0103 avantajele lemnului cu propriet\u0103\u021bile materialelor plastice \u015fi sunt o alternativ\u0103 ecologic\u0103 (sunt 100% reciclabile \u0219i protejeaza\u00a0 p\u0103durile folosind doar resturi de lemn din alte industrii de prelucrare).<\/p>\n<ul>\n<li><strong>Misiune<\/strong><\/li>\n<\/ul>\n<p>Misiunea noastr\u0103 este de a pune \u00een aplicare \u0219i de a promova metode inovatoare \u00een construc\u021bii \u0219i arhitectur\u0103, precum \u0219i combinarea tehnologiei moderne cu ecologia pentru a contribui la protec\u021bia mediului.<\/p>\n<p>Placile de exterior de la Latech Composite sunt cea mai recent\u0103 \u0219i cea mai bun\u0103 alternativ\u0103 pentru pardoseli exterioare, terase, garduri, plac\u0103ri din lemn \u015fi sunt folosite \u00een multe alte locuri unde produsele noastre pot \u00eenlocui cu succes lemnul.<\/p>\n<ul>\n<li><strong>Inovare constant\u0103<\/strong><\/li>\n<\/ul>\n<p>Materia prim\u0103, format\u0103 din fibre de lemn, granule de plastic si aditivi de stabilizare, este amestecat\u0103 la temperaturi ridicate pentru a forma un compus cu propriet\u0103\u021bi speciale. Pentru rezultate superioare am apelat la o investi\u0163ie eficient\u0103 const\u00e2nd \u00een combinarea de materiale clasice \u015fi materiale compozite. Astfel,\u00a0am ob\u0163inut\u00a0o cre\u015ftere a caracteristicilor bune\u00a0\u015fi o compensare a celor slabe.<\/p>\n<p>Ulterior, acest amestec trece printr-un extruder, astfel \u00eenc\u00e2t din profilurile de diferite dimensiuni \u0219i forme se vor produce \u00a0pardoseli exterioare \u00a0si alte tipuri de profile necesare.<\/p>\n<ul>\n<li><strong>Controlul calit\u0103\u0163ii<\/strong><\/li>\n<\/ul>\n<p>Controlul calitatii se face at\u00e2t la materiile prime care intr\u0103 \u00een componen\u0163a produselor, c\u00e2t \u015fi la procesul de fabrica\u0163ie \u015fi la produsele finite, astfel \u00eenc\u00e2t profilele ob\u0163inute s\u0103 aib\u0103 propritet\u0103\u0163i superioare, cu o mare rezisten\u0163\u0103 \u00een timp \u015fi \u00een condi\u0163ii diverse de vreme.<\/p>\n<p>Pl\u0103cile din lemn compozit de la Latech Composite sunt supuse controlului strict al calit\u0103\u021bii \u00een mai multe moduri, \u00eencep\u00e2nd cu testele de laborator \u015fi continu\u00e2nd cu testarea \u00een condi\u0163ii care simuleaz\u0103 gerul, soarele arz\u0103tor, ploaia, umiditatea, astfel \u00eenc\u00e2t s\u0103 v\u0103 bucura\u0163i mul\u0163i ani de produsele achizi\u0163ionate de la noi.<\/p>\n<p>Este important de \u015ftiut c\u0103\u00a0un rol important \u00een durabilitatea produselor realizate cu materiale compozite \u00eel are experien\u0163a companiei produc\u0103toare. Echipa de la Latech Composite este una profesionista si experimentat\u0103, care v\u0103 ofer\u0103 pardoseli exterioare de calitate\u00a0cu anduran\u0163\u0103 crescut\u0103.<\/p>\n<ul>\n<li>\n<h3><strong>Protec\u021bia mediului<\/strong><\/h3>\n<\/li>\n<\/ul>\n<p>Noi, echipa de la Latech Composite, consider\u0103m c\u0103 alegerea materialelor prietenoase cu mediul, cu durabilitate mare si \u00a0costuri \u00a0de \u00eentre\u021binere reduse, este o parte importanta a muncii noastre.<\/p>\n<p>Nu este nevoie sa distrugem natura si mediul \u00eenconjur\u0103tor\u00a0pentru a fabrica un produs, atunci c\u00e2nd avem materii prime reciclabile suficiente pe planet\u0103. Credem cu t\u0103rie c\u0103 \u015fi produsele au un ciclul de via\u021b\u0103 \u0219i acesta poate fi\u00a0sus\u0163inut numai folosind materiale inovatoare care respect\u0103 natura.<\/p>\n<p>Select\u0103m doar acele produse\u00a0care au un impact \u00a0minim asupra mediului, sunt reciclabile dar si durabile \u00een timp.<\/p>","protected":false},"excerpt":{"rendered":"<p>Latech este o companie implicat\u0103 \u00een produc\u021bia \u0219i distribu\u021bia de pardoseli compozite cu diverse utilizari in amenajari terase exterioare, amenajari balcoane, amenajari curti interioare etc.<\/p>\n","protected":false},"author":1,"featured_media":0,"parent":0,"menu_order":0,"comment_status":"closed","ping_status":"closed","template":"","meta":{"_uag_custom_page_level_css":"","site-sidebar-layout":"default","site-content-layout":"","ast-site-content-layout":"default","site-content-style":"default","site-sidebar-style":"default","ast-global-header-display":"","ast-banner-title-visibility":"","ast-main-header-display":"","ast-hfb-above-header-display":"","ast-hfb-below-header-display":"","ast-hfb-mobile-header-display":"","site-post-title":"","ast-breadcrumbs-content":"","ast-featured-img":"","footer-sml-layout":"","theme-transparent-header-meta":"default","adv-header-id-meta":"","stick-header-meta":"","header-above-stick-meta":"","header-main-stick-meta":"","header-below-stick-meta":"","astra-migrate-meta-layouts":"set","ast-page-background-enabled":"default","ast-page-background-meta":{"desktop":{"background-color":"var(--ast-global-color-4)","background-image":"","background-repeat":"repeat","background-position":"center center","background-size":"auto","background-attachment":"scroll","background-type":"","background-media":"","overlay-type":"","overlay-color":"","overlay-opacity":"","overlay-gradient":""},"tablet":{"background-color":"","background-image":"","background-repeat":"repeat","background-position":"center center","background-size":"auto","background-attachment":"scroll","background-type":"","background-media":"","overlay-type":"","overlay-color":"","overlay-opacity":"","overlay-gradient":""},"mobile":{"background-color":"","background-image":"","background-repeat":"repeat","background-position":"center center","background-size":"auto","background-attachment":"scroll","background-type":"","background-media":"","overlay-type":"","overlay-color":"","overlay-opacity":"","overlay-gradient":""}},"ast-content-background-meta":{"desktop":{"background-color":"var(--ast-global-color-5)","background-image":"","background-repeat":"repeat","background-position":"center center","background-size":"auto","background-attachment":"scroll","background-type":"","background-media":"","overlay-type":"","overlay-color":"","overlay-opacity":"","overlay-gradient":""},"tablet":{"background-color":"var(--ast-global-color-5)","background-image":"","background-repeat":"repeat","background-position":"center center","background-size":"auto","background-attachment":"scroll","background-type":"","background-media":"","overlay-type":"","overlay-color":"","overlay-opacity":"","overlay-gradient":""},"mobile":{"background-color":"var(--ast-global-color-5)","background-image":"","background-repeat":"repeat","background-position":"center center","background-size":"auto","background-attachment":"scroll","background-type":"","background-media":"","overlay-type":"","overlay-color":"","overlay-opacity":"","overlay-gradient":""}},"footnotes":""},"class_list":["post-9","page","type-page","status-publish","hentry"],"uagb_featured_image_src":{"full":false,"thumbnail":false,"medium":false,"medium_large":false,"large":false,"1536x1536":false,"2048x2048":false},"uagb_author_info":{"display_name":"Admin","author_link":"https:\/\/www.latech.com.ro\/ro\/author\/admin\/"},"uagb_comment_info":0,"uagb_excerpt":"Latech este o companie implicat\u0103 \u00een produc\u021bia \u0219i distribu\u021bia de pardoseli compozite cu diverse utilizari in amenajari terase exterioare, amenajari balcoane, amenajari curti interioare etc.","_links":{"self":[{"href":"https:\/\/www.latech.com.ro\/ro\/wp-json\/wp\/v2\/pages\/9"}],"collection":[{"href":"https:\/\/www.latech.com.ro\/ro\/wp-json\/wp\/v2\/pages"}],"about":[{"href":"https:\/\/www.latech.com.ro\/ro\/wp-json\/wp\/v2\/types\/page"}],"author":[{"embeddable":true,"href":"https:\/\/www.latech.com.ro\/ro\/wp-json\/wp\/v2\/users\/1"}],"replies":[{"embeddable":true,"href":"https:\/\/www.latech.com.ro\/ro\/wp-json\/wp\/v2\/comments?post=9"}],"version-history":[{"count":2,"href":"https:\/\/www.latech.com.ro\/ro\/wp-json\/wp\/v2\/pages\/9\/revisions"}],"predecessor-version":[{"id":3592,"href":"https:\/\/www.latech.com.ro\/ro\/wp-json\/wp\/v2\/pages\/9\/revisions\/3592"}],"wp:attachment":[{"href":"https:\/\/www.latech.com.ro\/ro\/wp-json\/wp\/v2\/media?parent=9"}],"curies":[{"name":"wp","href":"https:\/\/api.w.org\/{rel}","templated":true}]}}