{"id":483,"date":"2023-02-19T14:26:27","date_gmt":"2023-02-19T12:26:27","guid":{"rendered":"http:\/\/www.latech.com.ro\/?page_id=483"},"modified":"2025-11-29T20:10:38","modified_gmt":"2025-11-29T18:10:38","slug":"placi-pentru-terase-exterioare-gama-premium","status":"publish","type":"page","link":"https:\/\/www.latech.com.ro\/ro\/produse\/profile-pentru-pardoseli-wpc\/placi-pentru-terase-exterioare-gama-premium\/","title":{"rendered":"Gama Premium"},"content":{"rendered":"\t\t<div data-elementor-type=\"wp-page\" data-elementor-id=\"483\" class=\"elementor elementor-483\">\n\t\t\t\t\t\t\t\t\t<section class=\"elementor-section elementor-top-section elementor-element elementor-element-52d7ccf9 elementor-section-boxed elementor-section-height-default elementor-section-height-default\" data-id=\"52d7ccf9\" data-element_type=\"section\">\n\t\t\t\t\t\t<div class=\"elementor-container elementor-column-gap-default\">\n\t\t\t\t\t<div class=\"elementor-column elementor-col-100 elementor-top-column elementor-element elementor-element-6836d788\" data-id=\"6836d788\" data-element_type=\"column\">\n\t\t\t<div class=\"elementor-widget-wrap elementor-element-populated\">\n\t\t\t\t\t\t\t\t<div class=\"elementor-element elementor-element-2a561ac0 elementor-widget elementor-widget-text-editor\" data-id=\"2a561ac0\" data-element_type=\"widget\" data-widget_type=\"text-editor.default\">\n\t\t\t\t<div class=\"elementor-widget-container\">\n\t\t\t<style>\/*! elementor - v3.13.3 - 22-05-2023 *\/\n.elementor-widget-text-editor.elementor-drop-cap-view-stacked .elementor-drop-cap{background-color:#69727d;color:#fff}.elementor-widget-text-editor.elementor-drop-cap-view-framed .elementor-drop-cap{color:#69727d;border:3px solid;background-color:transparent}.elementor-widget-text-editor:not(.elementor-drop-cap-view-default) .elementor-drop-cap{margin-top:8px}.elementor-widget-text-editor:not(.elementor-drop-cap-view-default) .elementor-drop-cap-letter{width:1em;height:1em}.elementor-widget-text-editor .elementor-drop-cap{float:left;text-align:center;line-height:1;font-size:50px}.elementor-widget-text-editor .elementor-drop-cap-letter{display:inline-block}<\/style>\t\t\t\t<p>Profilele din lemn compozit din gama Premium sunt profilele pentru terase pline care au o greutate \u0219i o densitate mai mare, \u00a0oferind o platform\u0103 robust\u0103 \u0219i stabil\u0103 pentru spa\u021biile de locuit \u00een aer liber.\u00a0<\/p><p>Pl\u0103cile de pardoseal\u0103 compozite din gama Premium\u00a0 sunt apreciate pentru robuste\u021bea \u0219i durabilitatea lor. Construc\u021bia lor solid\u0103 ofer\u0103 o rezisten\u021b\u0103, stabilitate \u0219i rezisten\u021b\u0103 sporite la impact \u0219i sarcini grele. Pl\u0103cile solide ofer\u0103 o stabilitate termic\u0103 superioar\u0103, ceea ce le face mai pu\u021bin predispuse la dilatare \u0219i contrac\u021bie din cauza fluctua\u021biilor de temperatur\u0103. \u00cen plus, pardoselile solide tind s\u0103 prezinte o flexie sau o l\u0103sare minim\u0103 \u00een timp, men\u021bin\u00e2nd o suprafa\u021b\u0103 plan\u0103 chiar \u0219i \u00een condi\u021bii de trafic pietonal intens.<br \/>Produse intr-o gama variata de culori cu suprafete netede, striate sau periate, aceste placi oferea o rezistenta deosebita in timp.<\/p><p><\/p>\t\t\t\t\t\t<\/div>\n\t\t\t\t<\/div>\n\t\t\t\t\t<\/div>\n\t\t<\/div>\n\t\t\t\t\t\t\t<\/div>\n\t\t<\/section>\n\t\t\t\t<section class=\"elementor-section elementor-top-section elementor-element elementor-element-86d1528 elementor-section-boxed elementor-section-height-default elementor-section-height-default\" data-id=\"86d1528\" data-element_type=\"section\">\n\t\t\t\t\t\t<div class=\"elementor-container elementor-column-gap-default\">\n\t\t\t\t\t<div class=\"elementor-column elementor-col-25 elementor-top-column elementor-element elementor-element-edd6287\" data-id=\"edd6287\" data-element_type=\"column\">\n\t\t\t<div class=\"elementor-widget-wrap elementor-element-populated\">\n\t\t\t\t\t\t\t\t<div class=\"elementor-element elementor-element-49c6362 elementor-position-top elementor-vertical-align-top elementor-widget elementor-widget-image-box\" data-id=\"49c6362\" data-element_type=\"widget\" data-widget_type=\"image-box.default\">\n\t\t\t\t<div class=\"elementor-widget-container\">\n\t\t\t<style>\/*! elementor - v3.13.3 - 22-05-2023 *\/\n.elementor-widget-image-box .elementor-image-box-content{width:100%}@media (min-width:768px){.elementor-widget-image-box.elementor-position-left .elementor-image-box-wrapper,.elementor-widget-image-box.elementor-position-right .elementor-image-box-wrapper{display:flex}.elementor-widget-image-box.elementor-position-right .elementor-image-box-wrapper{text-align:right;flex-direction:row-reverse}.elementor-widget-image-box.elementor-position-left .elementor-image-box-wrapper{text-align:left;flex-direction:row}.elementor-widget-image-box.elementor-position-top .elementor-image-box-img{margin:auto}.elementor-widget-image-box.elementor-vertical-align-top .elementor-image-box-wrapper{align-items:flex-start}.elementor-widget-image-box.elementor-vertical-align-middle .elementor-image-box-wrapper{align-items:center}.elementor-widget-image-box.elementor-vertical-align-bottom .elementor-image-box-wrapper{align-items:flex-end}}@media (max-width:767px){.elementor-widget-image-box .elementor-image-box-img{margin-left:auto!important;margin-right:auto!important;margin-bottom:15px}}.elementor-widget-image-box .elementor-image-box-img{display:inline-block}.elementor-widget-image-box .elementor-image-box-title a{color:inherit}.elementor-widget-image-box .elementor-image-box-wrapper{text-align:center}.elementor-widget-image-box .elementor-image-box-description{margin:0}<\/style><div class=\"elementor-image-box-wrapper\"><figure class=\"elementor-image-box-img\"><a href=\"https:\/\/www.latech.com.ro\/ro\/contact\/\"><img decoding=\"async\" width=\"723\" height=\"723\" src=\"https:\/\/www.latech.com.ro\/wp-content\/uploads\/2025\/11\/Latech-Composite-wpc-decking-pardoseala-terasa-gama-premium-maro-deschis.webp\" class=\"attachment-full size-full wp-image-3465\" alt=\"Latech Composite wpc decking pardosela tereasa gama premium profil plin solid culoarea maro\" srcset=\"https:\/\/www.latech.com.ro\/wp-content\/uploads\/2025\/11\/Latech-Composite-wpc-decking-pardoseala-terasa-gama-premium-maro-deschis.webp 723w, https:\/\/www.latech.com.ro\/wp-content\/uploads\/2025\/11\/Latech-Composite-wpc-decking-pardoseala-terasa-gama-premium-maro-deschis-300x300.webp 300w, https:\/\/www.latech.com.ro\/wp-content\/uploads\/2025\/11\/Latech-Composite-wpc-decking-pardoseala-terasa-gama-premium-maro-deschis-80x80.webp 80w\" sizes=\"(max-width: 723px) 100vw, 723px\" \/><\/a><\/figure><div class=\"elementor-image-box-content\"><p class=\"elementor-image-box-description\">Gama Premium este disponibil\u0103 \u00een urm\u0103toarele culori:\nGRI\nGRI ANTRACIT\nMARO DESCHIS\nMARO \u00ceNCHIS\nWENGE\nGOLDEN\nMARINA ALB\nMARINA ALBASTRU\n<\/p><\/div><\/div>\t\t<\/div>\n\t\t\t\t<\/div>\n\t\t\t\t\t<\/div>\n\t\t<\/div>\n\t\t\t\t<div class=\"elementor-column elementor-col-25 elementor-top-column elementor-element elementor-element-3c60308\" data-id=\"3c60308\" data-element_type=\"column\">\n\t\t\t<div class=\"elementor-widget-wrap elementor-element-populated\">\n\t\t\t\t\t\t\t\t<div class=\"elementor-element elementor-element-f61f4f3 elementor-position-top elementor-vertical-align-top elementor-widget elementor-widget-image-box\" data-id=\"f61f4f3\" data-element_type=\"widget\" data-widget_type=\"image-box.default\">\n\t\t\t\t<div class=\"elementor-widget-container\">\n\t\t\t<div class=\"elementor-image-box-wrapper\"><figure class=\"elementor-image-box-img\"><a href=\"https:\/\/www.latech.com.ro\/ro\/contact\/\"><img decoding=\"async\" width=\"860\" height=\"1200\" src=\"https:\/\/www.latech.com.ro\/wp-content\/uploads\/2025\/11\/Latech-Composite-wpc-decking-pardoseala-terasa-gama-premium-gri-antracit.webp\" class=\"attachment-full size-full wp-image-3464\" alt=\"Latech Composite wpc decking pardosela tereasa gama premium profil plin solid culoarea gri\" srcset=\"https:\/\/www.latech.com.ro\/wp-content\/uploads\/2025\/11\/Latech-Composite-wpc-decking-pardoseala-terasa-gama-premium-gri-antracit.webp 860w, https:\/\/www.latech.com.ro\/wp-content\/uploads\/2025\/11\/Latech-Composite-wpc-decking-pardoseala-terasa-gama-premium-gri-antracit-215x300.webp 215w, https:\/\/www.latech.com.ro\/wp-content\/uploads\/2025\/11\/Latech-Composite-wpc-decking-pardoseala-terasa-gama-premium-gri-antracit-774x1080.webp 774w, https:\/\/www.latech.com.ro\/wp-content\/uploads\/2025\/11\/Latech-Composite-wpc-decking-pardoseala-terasa-gama-premium-gri-antracit-768x1072.webp 768w\" sizes=\"(max-width: 860px) 100vw, 860px\" \/><\/a><\/figure><div class=\"elementor-image-box-content\"><p class=\"elementor-image-box-description\">Deoarece pardoseala din gama Premium  din lemn plastifiat  are dou\u0103 caracteristic importante i: rezisten\u021ba la ap\u0103 \u0219i rezisten\u021ba la coroziune a plasticului \u0219i textura real\u0103 a lemnului<\/p><\/div><\/div>\t\t<\/div>\n\t\t\t\t<\/div>\n\t\t\t\t\t<\/div>\n\t\t<\/div>\n\t\t\t\t<div class=\"elementor-column elementor-col-25 elementor-top-column elementor-element elementor-element-d742fd7\" data-id=\"d742fd7\" data-element_type=\"column\">\n\t\t\t<div class=\"elementor-widget-wrap elementor-element-populated\">\n\t\t\t\t\t\t\t\t<div class=\"elementor-element elementor-element-f831d99 elementor-position-top elementor-vertical-align-top elementor-widget elementor-widget-image-box\" data-id=\"f831d99\" data-element_type=\"widget\" data-widget_type=\"image-box.default\">\n\t\t\t\t<div class=\"elementor-widget-container\">\n\t\t\t<div class=\"elementor-image-box-wrapper\"><figure class=\"elementor-image-box-img\"><a href=\"https:\/\/www.latech.com.ro\/ro\/contact\/\"><img decoding=\"async\" width=\"600\" height=\"800\" src=\"https:\/\/www.latech.com.ro\/wp-content\/uploads\/2025\/11\/Latech-composite-profil-wpc-clasic-premium-Caracteristici.webp\" class=\"attachment-full size-full wp-image-3467\" alt=\"Latech Composite Profil Wpc pardoseala teresa decking gama premium\" srcset=\"https:\/\/www.latech.com.ro\/wp-content\/uploads\/2025\/11\/Latech-composite-profil-wpc-clasic-premium-Caracteristici.webp 600w, https:\/\/www.latech.com.ro\/wp-content\/uploads\/2025\/11\/Latech-composite-profil-wpc-clasic-premium-Caracteristici-225x300.webp 225w\" sizes=\"(max-width: 600px) 100vw, 600px\" \/><\/a><\/figure><div class=\"elementor-image-box-content\"><p class=\"elementor-image-box-description\">Profilele WPC de la Latech Composite a urm\u0103toarele caracteristici\nL\u0103\u021bime = 140 mm\nGrosime = 20 mm\nGHreutate =2,20 kg \/ml\nGreutate = 22 kg \/mp\n1mp =6,9 ml<\/p><\/div><\/div>\t\t<\/div>\n\t\t\t\t<\/div>\n\t\t\t\t\t<\/div>\n\t\t<\/div>\n\t\t\t\t<div class=\"elementor-column elementor-col-25 elementor-top-column elementor-element elementor-element-ea1923b\" data-id=\"ea1923b\" data-element_type=\"column\">\n\t\t\t<div class=\"elementor-widget-wrap elementor-element-populated\">\n\t\t\t\t\t\t\t\t<div class=\"elementor-element elementor-element-015771d elementor-position-top elementor-vertical-align-top elementor-widget elementor-widget-image-box\" data-id=\"015771d\" data-element_type=\"widget\" data-widget_type=\"image-box.default\">\n\t\t\t\t<div class=\"elementor-widget-container\">\n\t\t\t<div class=\"elementor-image-box-wrapper\"><figure class=\"elementor-image-box-img\"><a href=\"https:\/\/www.latech.com.ro\/ro\/contact\/\"><img decoding=\"async\" width=\"960\" height=\"1200\" src=\"https:\/\/www.latech.com.ro\/wp-content\/uploads\/2025\/11\/Latech-composite-profil-wpc-clasic-premium-wenge.webp\" class=\"attachment-full size-full wp-image-3466\" alt=\"Latech Composite wpc decking pardosela tereasa gama premium profil plin solid\" srcset=\"https:\/\/www.latech.com.ro\/wp-content\/uploads\/2025\/11\/Latech-composite-profil-wpc-clasic-premium-wenge.webp 960w, https:\/\/www.latech.com.ro\/wp-content\/uploads\/2025\/11\/Latech-composite-profil-wpc-clasic-premium-wenge-240x300.webp 240w, https:\/\/www.latech.com.ro\/wp-content\/uploads\/2025\/11\/Latech-composite-profil-wpc-clasic-premium-wenge-864x1080.webp 864w, https:\/\/www.latech.com.ro\/wp-content\/uploads\/2025\/11\/Latech-composite-profil-wpc-clasic-premium-wenge-768x960.webp 768w\" sizes=\"(max-width: 960px) 100vw, 960px\" \/><\/a><\/figure><div class=\"elementor-image-box-content\"><p class=\"elementor-image-box-description\">Profilele wpc  decking pentru terase din gama Premium  sunt profile pline av\u00e2nd o construc\u021bie solid\u0103 \u0219i rezistent\u0103.<\/p><\/div><\/div>\t\t<\/div>\n\t\t\t\t<\/div>\n\t\t\t\t\t<\/div>\n\t\t<\/div>\n\t\t\t\t\t\t\t<\/div>\n\t\t<\/section>\n\t\t\t\t<section class=\"elementor-section elementor-top-section elementor-element elementor-element-e9a4090 elementor-section-boxed elementor-section-height-default elementor-section-height-default\" data-id=\"e9a4090\" data-element_type=\"section\">\n\t\t\t\t\t\t<div class=\"elementor-container elementor-column-gap-default\">\n\t\t\t\t\t<div class=\"elementor-column elementor-col-100 elementor-top-column elementor-element elementor-element-0415645\" data-id=\"0415645\" data-element_type=\"column\">\n\t\t\t<div class=\"elementor-widget-wrap elementor-element-populated\">\n\t\t\t\t\t\t\t\t<div class=\"elementor-element elementor-element-36e9a23 elementor-widget elementor-widget-text-editor\" data-id=\"36e9a23\" data-element_type=\"widget\" data-widget_type=\"text-editor.default\">\n\t\t\t\t<div class=\"elementor-widget-container\">\n\t\t\t\t\t\t\t<div class=\"fusion-layout-column fusion_builder_column fusion-builder-column-11 fusion_builder_column_1_1 1_1 fusion-flex-column\"><div class=\"fusion-column-wrapper fusion-column-has-shadow fusion-flex-justify-content-flex-start fusion-content-layout-column\"><div class=\"fusion-title title fusion-title-3 fusion-title-center fusion-title-text fusion-title-size-two\"><h2 class=\"fusion-title-heading title-heading-center fusion-responsive-typography-calculated\"><span dir=\"auto\">Ca \u0219i lemnul,\u00a0<\/span><span dir=\"auto\">dar mai bun.<\/span><\/h2><div class=\"title-sep-container title-sep-container-right\">\u00a0<\/div><\/div><div class=\"fusion-text fusion-text-14\"><p><span dir=\"auto\">Pardoselile compozite Latech Composite\u00a0 ofer\u0103\u00a0 beneficii care garanteaz\u0103 o \u00eentre\u021binere redus\u0103 \u0219i mai mult\u0103 lini\u0219te sufleteasc\u0103.<\/span><\/p><\/div><\/div><\/div><div class=\"fusion-layout-column fusion_builder_column fusion-builder-column-12 fusion_builder_column_1_4 1_4 fusion-flex-column\"><div class=\"fusion-column-wrapper fusion-column-has-shadow fusion-flex-justify-content-flex-start fusion-content-layout-column\"><div class=\"fusion-text fusion-text-15\"><p><strong><span dir=\"auto\">\u00centre\u021binere foarte redus\u0103<\/span><\/strong><br \/><span dir=\"auto\">Toate pl\u0103cile noastre sunt rezistente \u0219i\u00a0<\/span><span dir=\"auto\">u\u0219or de \u00eentre\u021binut<\/span><span dir=\"auto\">\u00a0.<\/span><\/p><\/div><\/div><\/div><div class=\"fusion-layout-column fusion_builder_column fusion-builder-column-13 fusion_builder_column_1_4 1_4 fusion-flex-column\"><div class=\"fusion-column-wrapper fusion-column-has-shadow fusion-flex-justify-content-flex-start fusion-content-layout-column\"><div class=\"fusion-text fusion-text-16\"><p><strong><span dir=\"auto\">F\u0103r\u0103 putrezire sau deformare.<\/span><\/strong><br \/><span dir=\"auto\">O compozi\u021bie unic\u0103 a materialului, rezistent\u0103 la efectele d\u0103un\u0103toare ale acumul\u0103rii de umiditate.<\/span><\/p><\/div><\/div><\/div><div class=\"fusion-layout-column fusion_builder_column fusion-builder-column-14 fusion_builder_column_1_4 1_4 fusion-flex-column\"><div class=\"fusion-column-wrapper fusion-column-has-shadow fusion-flex-justify-content-flex-start fusion-content-layout-column\"><div class=\"fusion-text fusion-text-17\"><p><strong style=\"font-style: inherit;\"><span dir=\"auto\">Nu necesit\u0103 tratament.<\/span><\/strong><\/p><p><span style=\"font-style: inherit; font-weight: inherit;\">Nu este nevoie s\u0103 vopsi\u021bi, s\u0103 uleia\u021bi, s\u0103 l\u0103cui\u021bi sau s\u0103 sigila\u021bi pl\u0103cile de teras\u0103.<\/span><\/p><\/div><\/div><\/div><div class=\"fusion-layout-column fusion_builder_column fusion-builder-column-17 fusion_builder_column_1_4 1_4 fusion-flex-column\"><div class=\"fusion-column-wrapper fusion-column-has-shadow fusion-flex-justify-content-flex-start fusion-content-layout-column\"><div class=\"fusion-text fusion-text-20\"><p><strong><span dir=\"auto\">F\u0103r\u0103 a\u0219chii.<\/span><\/strong><br \/><span dir=\"auto\">Compozi\u021bia materialului asigur\u0103 siguran\u021b\u0103 \u0219i garan\u021bie pe termen lung.<\/span><\/p><\/div><\/div><\/div><div class=\"fusion-layout-column fusion_builder_column fusion-builder-column-18 fusion_builder_column_1_4 1_4 fusion-flex-column\"><div class=\"fusion-column-wrapper fusion-column-has-shadow fusion-flex-justify-content-flex-start fusion-content-layout-column\"><div class=\"fusion-text fusion-text-21\"><p><strong><span dir=\"auto\">Rezisten\u021b\u0103 \u0219i durabilitate<\/span><\/strong><br \/><span dir=\"auto\">Spre deosebire de lemn, pl\u0103cile noastre \u00ee\u0219i p\u0103streaz\u0103 rezisten\u021ba \u0219i durabilitatea pe tot parcursul vie\u021bii lor.<\/span><\/p><\/div><\/div><\/div><div class=\"fusion-layout-column fusion_builder_column fusion-builder-column-19 fusion_builder_column_1_4 1_4 fusion-flex-column\"><div class=\"fusion-column-wrapper fusion-column-has-shadow fusion-flex-justify-content-flex-start fusion-content-layout-column\"><div class=\"fusion-text fusion-text-22\"><p><strong><span dir=\"auto\">Ecologic.<\/span><\/strong><br \/><span dir=\"auto\">Un material durabil, compus dintr-un amestec de plastic reciclat \u0219i fibre de lemn.<\/span><\/p><\/div><\/div><\/div>\t\t\t\t\t\t<\/div>\n\t\t\t\t<\/div>\n\t\t\t\t\t<\/div>\n\t\t<\/div>\n\t\t\t\t\t\t\t<\/div>\n\t\t<\/section>\n\t\t\t\t\t\t\t<\/div>\n\t\t","protected":false},"excerpt":{"rendered":"<p>Profilele din lemn compozit din gama Premium sunt profilele pentru terase pline care au o greutate \u0219i o densitate mai mare, \u00a0oferind o platform\u0103 robust\u0103 \u0219i stabil\u0103 pentru spa\u021biile de locuit \u00een aer liber.\u00a0 Pl\u0103cile de pardoseal\u0103 compozite din gama Premium\u00a0 sunt apreciate pentru robuste\u021bea \u0219i durabilitatea lor. Construc\u021bia lor solid\u0103 ofer\u0103 o rezisten\u021b\u0103, stabilitate [&hellip;]<\/p>\n","protected":false},"author":1,"featured_media":0,"parent":2949,"menu_order":0,"comment_status":"closed","ping_status":"closed","template":"","meta":{"_uag_custom_page_level_css":"","site-sidebar-layout":"no-sidebar","site-content-layout":"plain-container","ast-site-content-layout":"","site-content-style":"default","site-sidebar-style":"default","ast-global-header-display":"","ast-banner-title-visibility":"","ast-main-header-display":"","ast-hfb-above-header-display":"","ast-hfb-below-header-display":"","ast-hfb-mobile-header-display":"","site-post-title":"","ast-breadcrumbs-content":"","ast-featured-img":"","footer-sml-layout":"","theme-transparent-header-meta":"default","adv-header-id-meta":"","stick-header-meta":"default","header-above-stick-meta":"","header-main-stick-meta":"","header-below-stick-meta":"","astra-migrate-meta-layouts":"default","ast-page-background-enabled":"default","ast-page-background-meta":{"desktop":{"background-color":"var(--ast-global-color-4)","background-image":"","background-repeat":"repeat","background-position":"center center","background-size":"auto","background-attachment":"scroll","background-type":"","background-media":"","overlay-type":"","overlay-color":"","overlay-opacity":"","overlay-gradient":""},"tablet":{"background-color":"","background-image":"","background-repeat":"repeat","background-position":"center center","background-size":"auto","background-attachment":"scroll","background-type":"","background-media":"","overlay-type":"","overlay-color":"","overlay-opacity":"","overlay-gradient":""},"mobile":{"background-color":"","background-image":"","background-repeat":"repeat","background-position":"center center","background-size":"auto","background-attachment":"scroll","background-type":"","background-media":"","overlay-type":"","overlay-color":"","overlay-opacity":"","overlay-gradient":""}},"ast-content-background-meta":{"desktop":{"background-color":"var(--ast-global-color-5)","background-image":"","background-repeat":"repeat","background-position":"center center","background-size":"auto","background-attachment":"scroll","background-type":"","background-media":"","overlay-type":"","overlay-color":"","overlay-opacity":"","overlay-gradient":""},"tablet":{"background-color":"var(--ast-global-color-5)","background-image":"","background-repeat":"repeat","background-position":"center center","background-size":"auto","background-attachment":"scroll","background-type":"","background-media":"","overlay-type":"","overlay-color":"","overlay-opacity":"","overlay-gradient":""},"mobile":{"background-color":"var(--ast-global-color-5)","background-image":"","background-repeat":"repeat","background-position":"center center","background-size":"auto","background-attachment":"scroll","background-type":"","background-media":"","overlay-type":"","overlay-color":"","overlay-opacity":"","overlay-gradient":""}},"footnotes":""},"class_list":["post-483","page","type-page","status-publish","hentry"],"uagb_featured_image_src":{"full":false,"thumbnail":false,"medium":false,"medium_large":false,"large":false,"1536x1536":false,"2048x2048":false},"uagb_author_info":{"display_name":"Admin","author_link":"https:\/\/www.latech.com.ro\/ro\/author\/admin\/"},"uagb_comment_info":0,"uagb_excerpt":"Profilele din lemn compozit din gama Premium sunt profilele pentru terase pline care au o greutate \u0219i o densitate mai mare, \u00a0oferind o platform\u0103 robust\u0103 \u0219i stabil\u0103 pentru spa\u021biile de locuit \u00een aer liber.\u00a0 Pl\u0103cile de pardoseal\u0103 compozite din gama Premium\u00a0 sunt apreciate pentru robuste\u021bea \u0219i durabilitatea lor. Construc\u021bia lor solid\u0103 ofer\u0103 o rezisten\u021b\u0103, stabilitate&hellip;","_links":{"self":[{"href":"https:\/\/www.latech.com.ro\/ro\/wp-json\/wp\/v2\/pages\/483"}],"collection":[{"href":"https:\/\/www.latech.com.ro\/ro\/wp-json\/wp\/v2\/pages"}],"about":[{"href":"https:\/\/www.latech.com.ro\/ro\/wp-json\/wp\/v2\/types\/page"}],"author":[{"embeddable":true,"href":"https:\/\/www.latech.com.ro\/ro\/wp-json\/wp\/v2\/users\/1"}],"replies":[{"embeddable":true,"href":"https:\/\/www.latech.com.ro\/ro\/wp-json\/wp\/v2\/comments?post=483"}],"version-history":[{"count":39,"href":"https:\/\/www.latech.com.ro\/ro\/wp-json\/wp\/v2\/pages\/483\/revisions"}],"predecessor-version":[{"id":3509,"href":"https:\/\/www.latech.com.ro\/ro\/wp-json\/wp\/v2\/pages\/483\/revisions\/3509"}],"up":[{"embeddable":true,"href":"https:\/\/www.latech.com.ro\/ro\/wp-json\/wp\/v2\/pages\/2949"}],"wp:attachment":[{"href":"https:\/\/www.latech.com.ro\/ro\/wp-json\/wp\/v2\/media?parent=483"}],"curies":[{"name":"wp","href":"https:\/\/api.w.org\/{rel}","templated":true}]}}