{"id":474,"date":"2023-06-07T22:37:51","date_gmt":"2023-06-07T19:37:51","guid":{"rendered":"http:\/\/www.latech.com.ro\/?page_id=474"},"modified":"2025-10-14T10:39:30","modified_gmt":"2025-10-14T07:39:30","slug":"placi-pentru-terase-exterioare-gama-clasic","status":"publish","type":"page","link":"https:\/\/www.latech.com.ro\/ro\/produse\/profile-pentru-pardoseli-wpc\/placi-pentru-terase-exterioare-gama-clasic\/","title":{"rendered":"Gama clasic"},"content":{"rendered":"\t\t<div data-elementor-type=\"wp-page\" data-elementor-id=\"474\" class=\"elementor elementor-474\">\n\t\t\t\t\t\t\t\t\t<section class=\"elementor-section elementor-top-section elementor-element elementor-element-7b9cf7a elementor-section-boxed elementor-section-height-default elementor-section-height-default\" data-id=\"7b9cf7a\" data-element_type=\"section\">\n\t\t\t\t\t\t<div class=\"elementor-container elementor-column-gap-default\">\n\t\t\t\t\t<div class=\"elementor-column elementor-col-100 elementor-top-column elementor-element elementor-element-54d9752\" data-id=\"54d9752\" data-element_type=\"column\">\n\t\t\t<div class=\"elementor-widget-wrap elementor-element-populated\">\n\t\t\t\t\t\t\t\t<div class=\"elementor-element elementor-element-be47fb2 elementor-widget elementor-widget-image\" data-id=\"be47fb2\" data-element_type=\"widget\" data-widget_type=\"image.default\">\n\t\t\t\t<div class=\"elementor-widget-container\">\n\t\t\t<style>\/*! elementor - v3.13.3 - 22-05-2023 *\/\n.elementor-widget-image{text-align:center}.elementor-widget-image a{display:inline-block}.elementor-widget-image a img[src$=\".svg\"]{width:48px}.elementor-widget-image img{vertical-align:middle;display:inline-block}<\/style>\t\t\t\t\t\t\t\t\t\t\t\t<img decoding=\"async\" width=\"1920\" height=\"550\" src=\"https:\/\/www.latech.com.ro\/wp-content\/uploads\/2025\/04\/Latech-Composite-pardoseli-exterioare-pentru-piscina.webp\" class=\"attachment-large size-large wp-image-3237\" alt=\"\" srcset=\"https:\/\/www.latech.com.ro\/wp-content\/uploads\/2025\/04\/Latech-Composite-pardoseli-exterioare-pentru-piscina.webp 1920w, https:\/\/www.latech.com.ro\/wp-content\/uploads\/2025\/04\/Latech-Composite-pardoseli-exterioare-pentru-piscina-300x86.webp 300w, https:\/\/www.latech.com.ro\/wp-content\/uploads\/2025\/04\/Latech-Composite-pardoseli-exterioare-pentru-piscina-768x220.webp 768w, https:\/\/www.latech.com.ro\/wp-content\/uploads\/2025\/04\/Latech-Composite-pardoseli-exterioare-pentru-piscina-1536x440.webp 1536w\" sizes=\"(max-width: 1920px) 100vw, 1920px\" \/>\t\t\t\t\t\t\t\t\t\t\t\t\t\t\t<\/div>\n\t\t\t\t<\/div>\n\t\t\t\t\t<\/div>\n\t\t<\/div>\n\t\t\t\t\t\t\t<\/div>\n\t\t<\/section>\n\t\t\t\t<section class=\"elementor-section elementor-top-section elementor-element elementor-element-fb26d71 elementor-section-boxed elementor-section-height-default elementor-section-height-default\" data-id=\"fb26d71\" data-element_type=\"section\">\n\t\t\t\t\t\t<div class=\"elementor-container elementor-column-gap-default\">\n\t\t\t\t\t<div class=\"elementor-column elementor-col-20 elementor-top-column elementor-element elementor-element-24beb93\" data-id=\"24beb93\" data-element_type=\"column\">\n\t\t\t<div class=\"elementor-widget-wrap elementor-element-populated\">\n\t\t\t\t\t\t\t\t<div class=\"elementor-element elementor-element-cb1e6ce elementor-widget elementor-widget-image\" data-id=\"cb1e6ce\" data-element_type=\"widget\" data-widget_type=\"image.default\">\n\t\t\t\t<div class=\"elementor-widget-container\">\n\t\t\t\t\t\t\t\t\t\t\t\t\t\t\t<img decoding=\"async\" width=\"960\" height=\"960\" src=\"https:\/\/www.latech.com.ro\/wp-content\/uploads\/2025\/04\/Latech-Composite_Pardoseala_exterioara_WPC_Gri_Deschis_4m.webp\" class=\"attachment-large size-large wp-image-3221\" alt=\"\" srcset=\"https:\/\/www.latech.com.ro\/wp-content\/uploads\/2025\/04\/Latech-Composite_Pardoseala_exterioara_WPC_Gri_Deschis_4m.webp 960w, https:\/\/www.latech.com.ro\/wp-content\/uploads\/2025\/04\/Latech-Composite_Pardoseala_exterioara_WPC_Gri_Deschis_4m-300x300.webp 300w, https:\/\/www.latech.com.ro\/wp-content\/uploads\/2025\/04\/Latech-Composite_Pardoseala_exterioara_WPC_Gri_Deschis_4m-80x80.webp 80w, https:\/\/www.latech.com.ro\/wp-content\/uploads\/2025\/04\/Latech-Composite_Pardoseala_exterioara_WPC_Gri_Deschis_4m-768x768.webp 768w\" sizes=\"(max-width: 960px) 100vw, 960px\" \/>\t\t\t\t\t\t\t\t\t\t\t\t\t\t\t<\/div>\n\t\t\t\t<\/div>\n\t\t\t\t\t<\/div>\n\t\t<\/div>\n\t\t\t\t<div class=\"elementor-column elementor-col-20 elementor-top-column elementor-element elementor-element-dce2166\" data-id=\"dce2166\" data-element_type=\"column\">\n\t\t\t<div class=\"elementor-widget-wrap elementor-element-populated\">\n\t\t\t\t\t\t\t\t<div class=\"elementor-element elementor-element-fae3ec5 elementor-widget elementor-widget-image\" data-id=\"fae3ec5\" data-element_type=\"widget\" data-widget_type=\"image.default\">\n\t\t\t\t<div class=\"elementor-widget-container\">\n\t\t\t\t\t\t\t\t\t\t\t\t\t\t\t<img decoding=\"async\" width=\"960\" height=\"960\" src=\"https:\/\/www.latech.com.ro\/wp-content\/uploads\/2025\/04\/Latech-Composite_Pardoseala_exterioara_WPC_Gri_Deschis_2m.webp\" class=\"attachment-large size-large wp-image-3222\" alt=\"\" srcset=\"https:\/\/www.latech.com.ro\/wp-content\/uploads\/2025\/04\/Latech-Composite_Pardoseala_exterioara_WPC_Gri_Deschis_2m.webp 960w, https:\/\/www.latech.com.ro\/wp-content\/uploads\/2025\/04\/Latech-Composite_Pardoseala_exterioara_WPC_Gri_Deschis_2m-300x300.webp 300w, https:\/\/www.latech.com.ro\/wp-content\/uploads\/2025\/04\/Latech-Composite_Pardoseala_exterioara_WPC_Gri_Deschis_2m-80x80.webp 80w, https:\/\/www.latech.com.ro\/wp-content\/uploads\/2025\/04\/Latech-Composite_Pardoseala_exterioara_WPC_Gri_Deschis_2m-768x768.webp 768w\" sizes=\"(max-width: 960px) 100vw, 960px\" \/>\t\t\t\t\t\t\t\t\t\t\t\t\t\t\t<\/div>\n\t\t\t\t<\/div>\n\t\t\t\t\t<\/div>\n\t\t<\/div>\n\t\t\t\t<div class=\"elementor-column elementor-col-20 elementor-top-column elementor-element elementor-element-3ef709f\" data-id=\"3ef709f\" data-element_type=\"column\">\n\t\t\t<div class=\"elementor-widget-wrap elementor-element-populated\">\n\t\t\t\t\t\t\t\t<div class=\"elementor-element elementor-element-3011c7a elementor-widget elementor-widget-image\" data-id=\"3011c7a\" data-element_type=\"widget\" data-widget_type=\"image.default\">\n\t\t\t\t<div class=\"elementor-widget-container\">\n\t\t\t\t\t\t\t\t\t\t\t\t\t\t\t<img decoding=\"async\" width=\"960\" height=\"960\" src=\"https:\/\/www.latech.com.ro\/wp-content\/uploads\/2025\/04\/Lamela-pardoseala-exterioara-Latech-Composite-culoarea-Gold-1.webp\" class=\"attachment-large size-large wp-image-3226\" alt=\"\" srcset=\"https:\/\/www.latech.com.ro\/wp-content\/uploads\/2025\/04\/Lamela-pardoseala-exterioara-Latech-Composite-culoarea-Gold-1.webp 960w, https:\/\/www.latech.com.ro\/wp-content\/uploads\/2025\/04\/Lamela-pardoseala-exterioara-Latech-Composite-culoarea-Gold-1-300x300.webp 300w, https:\/\/www.latech.com.ro\/wp-content\/uploads\/2025\/04\/Lamela-pardoseala-exterioara-Latech-Composite-culoarea-Gold-1-80x80.webp 80w, https:\/\/www.latech.com.ro\/wp-content\/uploads\/2025\/04\/Lamela-pardoseala-exterioara-Latech-Composite-culoarea-Gold-1-768x768.webp 768w\" sizes=\"(max-width: 960px) 100vw, 960px\" \/>\t\t\t\t\t\t\t\t\t\t\t\t\t\t\t<\/div>\n\t\t\t\t<\/div>\n\t\t\t\t\t<\/div>\n\t\t<\/div>\n\t\t\t\t<div class=\"elementor-column elementor-col-20 elementor-top-column elementor-element elementor-element-d7be094\" data-id=\"d7be094\" data-element_type=\"column\">\n\t\t\t<div class=\"elementor-widget-wrap elementor-element-populated\">\n\t\t\t\t\t\t\t\t<div class=\"elementor-element elementor-element-a494e44 elementor-widget elementor-widget-image\" data-id=\"a494e44\" data-element_type=\"widget\" data-widget_type=\"image.default\">\n\t\t\t\t<div class=\"elementor-widget-container\">\n\t\t\t\t\t\t\t\t\t\t\t\t\t\t\t<img decoding=\"async\" width=\"1200\" height=\"642\" src=\"https:\/\/www.latech.com.ro\/wp-content\/uploads\/2025\/10\/Latech_Composite_gama_culori_pardoseli_WPC_Clasic.webp\" class=\"attachment-large size-large wp-image-3421\" alt=\"Latech Composite Gama culori WPC Clasic\" srcset=\"https:\/\/www.latech.com.ro\/wp-content\/uploads\/2025\/10\/Latech_Composite_gama_culori_pardoseli_WPC_Clasic.webp 1200w, https:\/\/www.latech.com.ro\/wp-content\/uploads\/2025\/10\/Latech_Composite_gama_culori_pardoseli_WPC_Clasic-300x161.webp 300w, https:\/\/www.latech.com.ro\/wp-content\/uploads\/2025\/10\/Latech_Composite_gama_culori_pardoseli_WPC_Clasic-768x411.webp 768w\" sizes=\"(max-width: 1200px) 100vw, 1200px\" \/>\t\t\t\t\t\t\t\t\t\t\t\t\t\t\t<\/div>\n\t\t\t\t<\/div>\n\t\t\t\t\t<\/div>\n\t\t<\/div>\n\t\t\t\t<div class=\"elementor-column elementor-col-20 elementor-top-column elementor-element elementor-element-0fe3c05\" data-id=\"0fe3c05\" data-element_type=\"column\">\n\t\t\t<div class=\"elementor-widget-wrap\">\n\t\t\t\t\t\t\t\t\t<\/div>\n\t\t<\/div>\n\t\t\t\t\t\t\t<\/div>\n\t\t<\/section>\n\t\t\t\t<section class=\"elementor-section elementor-top-section elementor-element elementor-element-aa7d7ec elementor-section-boxed elementor-section-height-default elementor-section-height-default\" data-id=\"aa7d7ec\" data-element_type=\"section\">\n\t\t\t\t\t\t<div class=\"elementor-container elementor-column-gap-default\">\n\t\t\t\t\t<div class=\"elementor-column elementor-col-100 elementor-top-column elementor-element elementor-element-f88adac\" data-id=\"f88adac\" data-element_type=\"column\">\n\t\t\t<div class=\"elementor-widget-wrap elementor-element-populated\">\n\t\t\t\t\t\t\t\t<section class=\"elementor-section elementor-inner-section elementor-element elementor-element-f8bcda6 elementor-section-boxed elementor-section-height-default elementor-section-height-default\" data-id=\"f8bcda6\" data-element_type=\"section\">\n\t\t\t\t\t\t<div class=\"elementor-container elementor-column-gap-default\">\n\t\t\t\t\t<div class=\"elementor-column elementor-col-50 elementor-inner-column elementor-element elementor-element-037de17\" data-id=\"037de17\" data-element_type=\"column\">\n\t\t\t<div class=\"elementor-widget-wrap elementor-element-populated\">\n\t\t\t\t\t\t\t\t<div class=\"elementor-element elementor-element-6c16c3a elementor-widget__width-initial elementor-widget elementor-widget-text-editor\" data-id=\"6c16c3a\" data-element_type=\"widget\" data-widget_type=\"text-editor.default\">\n\t\t\t\t<div class=\"elementor-widget-container\">\n\t\t\t<style>\/*! elementor - v3.13.3 - 22-05-2023 *\/\n.elementor-widget-text-editor.elementor-drop-cap-view-stacked .elementor-drop-cap{background-color:#69727d;color:#fff}.elementor-widget-text-editor.elementor-drop-cap-view-framed .elementor-drop-cap{color:#69727d;border:3px solid;background-color:transparent}.elementor-widget-text-editor:not(.elementor-drop-cap-view-default) .elementor-drop-cap{margin-top:8px}.elementor-widget-text-editor:not(.elementor-drop-cap-view-default) .elementor-drop-cap-letter{width:1em;height:1em}.elementor-widget-text-editor .elementor-drop-cap{float:left;text-align:center;line-height:1;font-size:50px}.elementor-widget-text-editor .elementor-drop-cap-letter{display:inline-block}<\/style>\t\t\t\t<h4 style=\"text-align: center;\">Caracteristici&nbsp; profile clasice&nbsp;<\/h4>\n<p>L\u0103\u021bime =140 mm<br>Grosime= 27 mm<br>Greutate pe ml =2,9 kg \/ml<br>Greutate =20 kg\/mp<br>Un mp = 6,9 ml<\/p><p>La un metru p\u0103trat de pardoseal\u0103 se folosesc&nbsp; 3 metri liniari de structur\u0103.<\/p>\t\t\t\t\t\t<\/div>\n\t\t\t\t<\/div>\n\t\t\t\t\t<\/div>\n\t\t<\/div>\n\t\t\t\t<div class=\"elementor-column elementor-col-50 elementor-inner-column elementor-element elementor-element-64c43be\" data-id=\"64c43be\" data-element_type=\"column\">\n\t\t\t<div class=\"elementor-widget-wrap elementor-element-populated\">\n\t\t\t\t\t\t\t\t<div class=\"elementor-element elementor-element-2deaee5 elementor-widget elementor-widget-text-editor\" data-id=\"2deaee5\" data-element_type=\"widget\" data-widget_type=\"text-editor.default\">\n\t\t\t\t<div class=\"elementor-widget-container\">\n\t\t\t\t\t\t\t<h3>Culori disponibile\u00a0<\/h3><ul><li>GRI DESCHIS<\/li><li>GRI ANTRACIT<\/li><li>MARO DESCHIS<\/li><li>WENGE<\/li><li>GOLDEN<\/li><li>MARINA ALB<\/li><li>MARINA ALBASTRU<\/li><\/ul>\t\t\t\t\t\t<\/div>\n\t\t\t\t<\/div>\n\t\t\t\t\t<\/div>\n\t\t<\/div>\n\t\t\t\t\t\t\t<\/div>\n\t\t<\/section>\n\t\t\t\t\t<\/div>\n\t\t<\/div>\n\t\t\t\t\t\t\t<\/div>\n\t\t<\/section>\n\t\t\t\t<section class=\"elementor-section elementor-top-section elementor-element elementor-element-36a21dd7 elementor-section-boxed elementor-section-height-default elementor-section-height-default\" data-id=\"36a21dd7\" data-element_type=\"section\">\n\t\t\t\t\t\t<div class=\"elementor-container elementor-column-gap-default\">\n\t\t\t\t\t<div class=\"elementor-column elementor-col-100 elementor-top-column elementor-element elementor-element-24956fe1\" data-id=\"24956fe1\" data-element_type=\"column\">\n\t\t\t<div class=\"elementor-widget-wrap elementor-element-populated\">\n\t\t\t\t\t\t\t\t<div class=\"elementor-element elementor-element-470a0e60 elementor-widget elementor-widget-text-editor\" data-id=\"470a0e60\" data-element_type=\"widget\" data-widget_type=\"text-editor.default\">\n\t\t\t\t<div class=\"elementor-widget-container\">\n\t\t\t\t\t\t\t<p>Pardoselile din gama Clasic produse de Latech Composite sunt o alternativa reala la utilizarea lemnului pentru terase. Sunt usoare, rezistente la intemperii, nivel ridicat de aderenta, placute la atingere, fara a fi nevoie de intretinere, doar spalare cu apa, durata de viata mare.<\/p><p>Optiuni cu doua fete, una neteda si una cu striati si varianta periata, o operatiune ce se aplica acestor placi pentru a creste aderenta. Aceste placi sunt disponibie in 8 culori, fiecare in doua variante, normal si periat, aceasta varianta fiind mai deschisa la culoare.<\/p><blockquote><p>Acest tip de profile din lemn compozit pot fi folosite pentru placarea teraselor exterioare, a balcoanelor, pentru trotuare, alei, pontoane, estacade,garduri, etc.<\/p><p style=\"text-align: center;\"><strong style=\"font-size: 1.5em; text-align: center;\">Pentru oferte , informa\u021bii suplimentare \u0219i sfaturi tehnice, v\u0103 rug\u0103m s\u0103\u00a0 ne contacta\u021bi<\/strong><\/p><\/blockquote><p><\/p>\t\t\t\t\t\t<\/div>\n\t\t\t\t<\/div>\n\t\t\t\t<section class=\"elementor-section elementor-inner-section elementor-element elementor-element-1e88158 elementor-section-boxed elementor-section-height-default elementor-section-height-default\" data-id=\"1e88158\" data-element_type=\"section\">\n\t\t\t\t\t\t<div class=\"elementor-container elementor-column-gap-default\">\n\t\t\t\t\t<div class=\"elementor-column elementor-col-50 elementor-inner-column elementor-element elementor-element-b37f4ff\" data-id=\"b37f4ff\" data-element_type=\"column\">\n\t\t\t<div class=\"elementor-widget-wrap\">\n\t\t\t\t\t\t\t\t\t<\/div>\n\t\t<\/div>\n\t\t\t\t<div class=\"elementor-column elementor-col-50 elementor-inner-column elementor-element elementor-element-a2883ce\" data-id=\"a2883ce\" data-element_type=\"column\">\n\t\t\t<div class=\"elementor-widget-wrap\">\n\t\t\t\t\t\t\t\t\t<\/div>\n\t\t<\/div>\n\t\t\t\t\t\t\t<\/div>\n\t\t<\/section>\n\t\t\t\t\t<\/div>\n\t\t<\/div>\n\t\t\t\t\t\t\t<\/div>\n\t\t<\/section>\n\t\t\t\t\t\t\t<\/div>\n\t\t","protected":false},"excerpt":{"rendered":"<p>Caracteristici&nbsp; profile clasice&nbsp; L\u0103\u021bime =140 mmGrosime= 27 mmGreutate pe ml =2,9 kg \/mlGreutate =20 kg\/mpUn mp = 6,9 ml La un metru p\u0103trat de pardoseal\u0103 se folosesc&nbsp; 3 metri liniari de structur\u0103. Culori disponibile\u00a0 GRI DESCHIS GRI ANTRACIT MARO DESCHIS WENGE GOLDEN MARINA ALB MARINA ALBASTRU Pardoselile din gama Clasic produse de Latech Composite sunt [&hellip;]<\/p>\n","protected":false},"author":1,"featured_media":470,"parent":2949,"menu_order":0,"comment_status":"closed","ping_status":"closed","template":"","meta":{"_uag_custom_page_level_css":"","site-sidebar-layout":"no-sidebar","site-content-layout":"default","ast-site-content-layout":"default","site-content-style":"default","site-sidebar-style":"default","ast-global-header-display":"","ast-banner-title-visibility":"","ast-main-header-display":"","ast-hfb-above-header-display":"","ast-hfb-below-header-display":"","ast-hfb-mobile-header-display":"","site-post-title":"","ast-breadcrumbs-content":"","ast-featured-img":"","footer-sml-layout":"","theme-transparent-header-meta":"default","adv-header-id-meta":"","stick-header-meta":"default","header-above-stick-meta":"","header-main-stick-meta":"","header-below-stick-meta":"","astra-migrate-meta-layouts":"set","ast-page-background-enabled":"default","ast-page-background-meta":{"desktop":{"background-color":"var(--ast-global-color-4)","background-image":"","background-repeat":"repeat","background-position":"center center","background-size":"auto","background-attachment":"scroll","background-type":"","background-media":"","overlay-type":"","overlay-color":"","overlay-opacity":"","overlay-gradient":""},"tablet":{"background-color":"","background-image":"","background-repeat":"repeat","background-position":"center center","background-size":"auto","background-attachment":"scroll","background-type":"","background-media":"","overlay-type":"","overlay-color":"","overlay-opacity":"","overlay-gradient":""},"mobile":{"background-color":"","background-image":"","background-repeat":"repeat","background-position":"center center","background-size":"auto","background-attachment":"scroll","background-type":"","background-media":"","overlay-type":"","overlay-color":"","overlay-opacity":"","overlay-gradient":""}},"ast-content-background-meta":{"desktop":{"background-color":"var(--ast-global-color-5)","background-image":"","background-repeat":"repeat","background-position":"center center","background-size":"auto","background-attachment":"scroll","background-type":"","background-media":"","overlay-type":"","overlay-color":"","overlay-opacity":"","overlay-gradient":""},"tablet":{"background-color":"var(--ast-global-color-5)","background-image":"","background-repeat":"repeat","background-position":"center center","background-size":"auto","background-attachment":"scroll","background-type":"","background-media":"","overlay-type":"","overlay-color":"","overlay-opacity":"","overlay-gradient":""},"mobile":{"background-color":"var(--ast-global-color-5)","background-image":"","background-repeat":"repeat","background-position":"center center","background-size":"auto","background-attachment":"scroll","background-type":"","background-media":"","overlay-type":"","overlay-color":"","overlay-opacity":"","overlay-gradient":""}},"footnotes":""},"class_list":["post-474","page","type-page","status-publish","has-post-thumbnail","hentry"],"uagb_featured_image_src":{"full":["https:\/\/www.latech.com.ro\/wp-content\/uploads\/2016\/02\/Placi-din-lemn-compozit-clasic.jpg",320,320,false],"thumbnail":["https:\/\/www.latech.com.ro\/wp-content\/uploads\/2016\/02\/Placi-din-lemn-compozit-clasic-150x150.jpg",80,80,true],"medium":["https:\/\/www.latech.com.ro\/wp-content\/uploads\/2016\/02\/Placi-din-lemn-compozit-clasic-300x300.jpg",300,300,true],"medium_large":["https:\/\/www.latech.com.ro\/wp-content\/uploads\/2016\/02\/Placi-din-lemn-compozit-clasic.jpg",320,320,false],"large":["https:\/\/www.latech.com.ro\/wp-content\/uploads\/2016\/02\/Placi-din-lemn-compozit-clasic.jpg",320,320,false],"1536x1536":["https:\/\/www.latech.com.ro\/wp-content\/uploads\/2016\/02\/Placi-din-lemn-compozit-clasic.jpg",320,320,false],"2048x2048":["https:\/\/www.latech.com.ro\/wp-content\/uploads\/2016\/02\/Placi-din-lemn-compozit-clasic.jpg",320,320,false]},"uagb_author_info":{"display_name":"Admin","author_link":"https:\/\/www.latech.com.ro\/ro\/author\/admin\/"},"uagb_comment_info":0,"uagb_excerpt":"Caracteristici&nbsp; profile clasice&nbsp; L\u0103\u021bime =140 mmGrosime= 27 mmGreutate pe ml =2,9 kg \/mlGreutate =20 kg\/mpUn mp = 6,9 ml La un metru p\u0103trat de pardoseal\u0103 se folosesc&nbsp; 3 metri liniari de structur\u0103. Culori disponibile\u00a0 GRI DESCHIS GRI ANTRACIT MARO DESCHIS WENGE GOLDEN MARINA ALB MARINA ALBASTRU Pardoselile din gama Clasic produse de Latech Composite sunt&hellip;","_links":{"self":[{"href":"https:\/\/www.latech.com.ro\/ro\/wp-json\/wp\/v2\/pages\/474"}],"collection":[{"href":"https:\/\/www.latech.com.ro\/ro\/wp-json\/wp\/v2\/pages"}],"about":[{"href":"https:\/\/www.latech.com.ro\/ro\/wp-json\/wp\/v2\/types\/page"}],"author":[{"embeddable":true,"href":"https:\/\/www.latech.com.ro\/ro\/wp-json\/wp\/v2\/users\/1"}],"replies":[{"embeddable":true,"href":"https:\/\/www.latech.com.ro\/ro\/wp-json\/wp\/v2\/comments?post=474"}],"version-history":[{"count":33,"href":"https:\/\/www.latech.com.ro\/ro\/wp-json\/wp\/v2\/pages\/474\/revisions"}],"predecessor-version":[{"id":3424,"href":"https:\/\/www.latech.com.ro\/ro\/wp-json\/wp\/v2\/pages\/474\/revisions\/3424"}],"up":[{"embeddable":true,"href":"https:\/\/www.latech.com.ro\/ro\/wp-json\/wp\/v2\/pages\/2949"}],"wp:featuredmedia":[{"embeddable":true,"href":"https:\/\/www.latech.com.ro\/ro\/wp-json\/wp\/v2\/media\/470"}],"wp:attachment":[{"href":"https:\/\/www.latech.com.ro\/ro\/wp-json\/wp\/v2\/media?parent=474"}],"curies":[{"name":"wp","href":"https:\/\/api.w.org\/{rel}","templated":true}]}}