{"id":2972,"date":"2025-03-23T20:33:28","date_gmt":"2025-03-23T18:33:28","guid":{"rendered":"https:\/\/www.latech.com.ro\/?page_id=2972"},"modified":"2025-08-18T09:21:56","modified_gmt":"2025-08-18T06:21:56","slug":"gama-co-extrudat","status":"publish","type":"page","link":"https:\/\/www.latech.com.ro\/ro\/produse\/profile-pentru-pardoseli-wpc\/gama-co-extrudat\/","title":{"rendered":"gama Co-extrudat"},"content":{"rendered":"\t\t<div data-elementor-type=\"wp-page\" data-elementor-id=\"2972\" class=\"elementor elementor-2972\">\n\t\t\t\t\t\t\t\t\t<header class=\"elementor-section elementor-top-section elementor-element elementor-element-5b73d394 elementor-section-boxed elementor-section-height-default elementor-section-height-default\" data-id=\"5b73d394\" data-element_type=\"section\">\n\t\t\t\t\t\t<div class=\"elementor-container elementor-column-gap-default\">\n\t\t\t\t\t<div class=\"elementor-column elementor-col-100 elementor-top-column elementor-element elementor-element-73f9214c\" data-id=\"73f9214c\" data-element_type=\"column\">\n\t\t\t<div class=\"elementor-widget-wrap elementor-element-populated\">\n\t\t\t\t\t\t\t\t<div class=\"elementor-element elementor-element-6b81dfbc elementor-widget elementor-widget-text-editor\" data-id=\"6b81dfbc\" data-element_type=\"widget\" data-widget_type=\"text-editor.default\">\n\t\t\t\t<div class=\"elementor-widget-container\">\n\t\t\t<style>\/*! elementor - v3.13.3 - 22-05-2023 *\/\n.elementor-widget-text-editor.elementor-drop-cap-view-stacked .elementor-drop-cap{background-color:#69727d;color:#fff}.elementor-widget-text-editor.elementor-drop-cap-view-framed .elementor-drop-cap{color:#69727d;border:3px solid;background-color:transparent}.elementor-widget-text-editor:not(.elementor-drop-cap-view-default) .elementor-drop-cap{margin-top:8px}.elementor-widget-text-editor:not(.elementor-drop-cap-view-default) .elementor-drop-cap-letter{width:1em;height:1em}.elementor-widget-text-editor .elementor-drop-cap{float:left;text-align:center;line-height:1;font-size:50px}.elementor-widget-text-editor .elementor-drop-cap-letter{display:inline-block}<\/style>\t\t\t\t<h2 style=\"text-align: center;\">Pardoseli din lemn compozit gama clasic co-extrudat<\/h2>\t\t\t\t\t\t<\/div>\n\t\t\t\t<\/div>\n\t\t\t\t\t<\/div>\n\t\t<\/div>\n\t\t\t\t\t\t\t<\/div>\n\t\t<\/header>\n\t\t\t\t<section class=\"elementor-section elementor-top-section elementor-element elementor-element-bf2297b elementor-section-boxed elementor-section-height-default elementor-section-height-default\" data-id=\"bf2297b\" data-element_type=\"section\">\n\t\t\t\t\t\t<div class=\"elementor-container elementor-column-gap-default\">\n\t\t\t\t\t<div class=\"elementor-column elementor-col-100 elementor-top-column elementor-element elementor-element-6a06259\" data-id=\"6a06259\" data-element_type=\"column\">\n\t\t\t<div class=\"elementor-widget-wrap elementor-element-populated\">\n\t\t\t\t\t\t\t\t<div class=\"elementor-element elementor-element-2cc262b elementor-widget elementor-widget-text-editor\" data-id=\"2cc262b\" data-element_type=\"widget\" data-widget_type=\"text-editor.default\">\n\t\t\t\t<div class=\"elementor-widget-container\">\n\t\t\t\t\t\t\t<p>Pardoseala din WPC co-extrudat\u0103\u00a0 este acoperit\u0103 la suprafa\u021b\u0103 cu un polimer rezistent\u00a0 la zg\u00e2rieturi, umezeal\u0103, pete \u0219i decolorare.\u00a0<\/p><h3>Diferen\u021be \u0219i avantaje cheie<\/h3><p>\u00a0<\/p><p><b>Rezisten\u021b\u0103 sporit\u0103:<\/b> Principala diferen\u021b\u0103 const\u0103 \u00een procesul de fabrica\u021bie. WPC-ul co-extrudat are un miez compozit (lemn \u0219i plastic) acoperit de un strat protector de polimer (HDPE). Acest &#8222;scut&#8221; extern ofer\u0103 o rezisten\u021b\u0103 superioar\u0103 la factori de mediu, precum razele UV, umiditatea, petele \u0219i zg\u00e2rieturile.\u00a0<\/p><p><b>\u00centre\u021binere minim\u0103:<\/b> Datorit\u0103 stratului protector neporos, WPC-ul co-extrudat este extrem de u\u0219or de cur\u0103\u021bat \u0219i nu absoarbe murd\u0103ria sau gr\u0103simea. Nu necesit\u0103 vopsire, \u0219lefuire sau tratamente periodice cu uleiuri, cum se \u00eent\u00e2mpl\u0103 \u00een cazul lemnului natural. Profilele clasice WPC, de\u0219i mai u\u0219or de \u00eentre\u021binut dec\u00e2t lemnul, pot necesita mai mult\u0103 aten\u021bie pentru a-\u0219i p\u0103stra aspectul ini\u021bial.<\/p><p><b>Durabilitate \u0219i stabilitate dimensional\u0103:<\/b> Stratul exterior de polimer face ca profilele co-extrudate s\u0103 fie mai stabile dimensional, cu o absorb\u021bie a apei practic nul\u0103. Acest lucru le face mult mai rezistente la putrezire, mucegai \u0219i la varia\u021biile de temperatur\u0103, av\u00e2nd o durat\u0103 de via\u021b\u0103 mai lung\u0103 .<\/p><p><b>Estetic\u0103 \u00eembun\u0103t\u0103\u021bit\u0103:<\/b> Tehnologia de co-extrudare permite o reproducere mult mai fidel\u0103 a texturii \u0219i nuan\u021belor lemnului natural, cu o gam\u0103 variat\u0103 de finisaje \u0219i culori multi-tonale. Astfel, se ob\u021bine un aspect mai sofisticat \u0219i mai natural dec\u00e2t cel al profilelor WPC clasice.<\/p><p>Pe scurt, profilele din WPC co-extrudate sunt o alegere premium, ideal\u0103 pentru proiectele \u00een care se dore\u0219te o durabilitate maxim\u0103 \u0219i o \u00eentre\u021binere redus\u0103.<\/p>\t\t\t\t\t\t<\/div>\n\t\t\t\t<\/div>\n\t\t\t\t\t<\/div>\n\t\t<\/div>\n\t\t\t\t\t\t\t<\/div>\n\t\t<\/section>\n\t\t\t\t<section class=\"elementor-section elementor-top-section elementor-element elementor-element-84bff13 elementor-section-boxed elementor-section-height-default elementor-section-height-default\" data-id=\"84bff13\" data-element_type=\"section\">\n\t\t\t\t\t\t<div class=\"elementor-container elementor-column-gap-default\">\n\t\t\t\t\t<div class=\"elementor-column elementor-col-100 elementor-top-column elementor-element elementor-element-de0237b\" data-id=\"de0237b\" data-element_type=\"column\">\n\t\t\t<div class=\"elementor-widget-wrap elementor-element-populated\">\n\t\t\t\t\t\t\t\t<div class=\"elementor-element elementor-element-3af446a elementor-widget elementor-widget-image\" data-id=\"3af446a\" data-element_type=\"widget\" data-widget_type=\"image.default\">\n\t\t\t\t<div class=\"elementor-widget-container\">\n\t\t\t<style>\/*! elementor - v3.13.3 - 22-05-2023 *\/\n.elementor-widget-image{text-align:center}.elementor-widget-image a{display:inline-block}.elementor-widget-image a img[src$=\".svg\"]{width:48px}.elementor-widget-image img{vertical-align:middle;display:inline-block}<\/style>\t\t\t\t\t\t\t\t\t\t\t\t<img decoding=\"async\" width=\"768\" height=\"658\" src=\"https:\/\/www.latech.com.ro\/wp-content\/uploads\/2025\/08\/Latech-Composite-profil-co-extrudat-wpc-tip-robusta-768x658.webp\" class=\"attachment-medium_large size-medium_large wp-image-3329\" alt=\"Latech Composite profil wpc -coextrudat\" srcset=\"https:\/\/www.latech.com.ro\/wp-content\/uploads\/2025\/08\/Latech-Composite-profil-co-extrudat-wpc-tip-robusta-768x658.webp 768w, https:\/\/www.latech.com.ro\/wp-content\/uploads\/2025\/08\/Latech-Composite-profil-co-extrudat-wpc-tip-robusta-300x257.webp 300w, https:\/\/www.latech.com.ro\/wp-content\/uploads\/2025\/08\/Latech-Composite-profil-co-extrudat-wpc-tip-robusta-1261x1080.webp 1261w, https:\/\/www.latech.com.ro\/wp-content\/uploads\/2025\/08\/Latech-Composite-profil-co-extrudat-wpc-tip-robusta.webp 1267w\" sizes=\"(max-width: 768px) 100vw, 768px\" \/>\t\t\t\t\t\t\t\t\t\t\t\t\t\t\t<\/div>\n\t\t\t\t<\/div>\n\t\t\t\t\t<\/div>\n\t\t<\/div>\n\t\t\t\t\t\t\t<\/div>\n\t\t<\/section>\n\t\t\t\t\t\t\t<\/div>\n\t\t","protected":false},"excerpt":{"rendered":"<p>Pardoseli din lemn compozit gama clasic co-extrudat Pardoseala din WPC co-extrudat\u0103\u00a0 este acoperit\u0103 la suprafa\u021b\u0103 cu un polimer rezistent\u00a0 la zg\u00e2rieturi, umezeal\u0103, pete \u0219i decolorare.\u00a0 Diferen\u021be \u0219i avantaje cheie \u00a0 Rezisten\u021b\u0103 sporit\u0103: Principala diferen\u021b\u0103 const\u0103 \u00een procesul de fabrica\u021bie. WPC-ul co-extrudat are un miez compozit (lemn \u0219i plastic) acoperit de un strat protector de polimer [&hellip;]<\/p>\n","protected":false},"author":1,"featured_media":0,"parent":2949,"menu_order":0,"comment_status":"closed","ping_status":"closed","template":"","meta":{"_uag_custom_page_level_css":"","site-sidebar-layout":"default","site-content-layout":"","ast-site-content-layout":"default","site-content-style":"default","site-sidebar-style":"default","ast-global-header-display":"","ast-banner-title-visibility":"","ast-main-header-display":"","ast-hfb-above-header-display":"","ast-hfb-below-header-display":"","ast-hfb-mobile-header-display":"","site-post-title":"","ast-breadcrumbs-content":"","ast-featured-img":"","footer-sml-layout":"","theme-transparent-header-meta":"default","adv-header-id-meta":"","stick-header-meta":"","header-above-stick-meta":"","header-main-stick-meta":"","header-below-stick-meta":"","astra-migrate-meta-layouts":"set","ast-page-background-enabled":"default","ast-page-background-meta":{"desktop":{"background-color":"var(--ast-global-color-4)","background-image":"","background-repeat":"repeat","background-position":"center center","background-size":"auto","background-attachment":"scroll","background-type":"","background-media":"","overlay-type":"","overlay-color":"","overlay-opacity":"","overlay-gradient":""},"tablet":{"background-color":"","background-image":"","background-repeat":"repeat","background-position":"center center","background-size":"auto","background-attachment":"scroll","background-type":"","background-media":"","overlay-type":"","overlay-color":"","overlay-opacity":"","overlay-gradient":""},"mobile":{"background-color":"","background-image":"","background-repeat":"repeat","background-position":"center center","background-size":"auto","background-attachment":"scroll","background-type":"","background-media":"","overlay-type":"","overlay-color":"","overlay-opacity":"","overlay-gradient":""}},"ast-content-background-meta":{"desktop":{"background-color":"var(--ast-global-color-5)","background-image":"","background-repeat":"repeat","background-position":"center center","background-size":"auto","background-attachment":"scroll","background-type":"","background-media":"","overlay-type":"","overlay-color":"","overlay-opacity":"","overlay-gradient":""},"tablet":{"background-color":"var(--ast-global-color-5)","background-image":"","background-repeat":"repeat","background-position":"center center","background-size":"auto","background-attachment":"scroll","background-type":"","background-media":"","overlay-type":"","overlay-color":"","overlay-opacity":"","overlay-gradient":""},"mobile":{"background-color":"var(--ast-global-color-5)","background-image":"","background-repeat":"repeat","background-position":"center center","background-size":"auto","background-attachment":"scroll","background-type":"","background-media":"","overlay-type":"","overlay-color":"","overlay-opacity":"","overlay-gradient":""}},"footnotes":""},"class_list":["post-2972","page","type-page","status-publish","hentry"],"uagb_featured_image_src":{"full":false,"thumbnail":false,"medium":false,"medium_large":false,"large":false,"1536x1536":false,"2048x2048":false},"uagb_author_info":{"display_name":"Admin","author_link":"https:\/\/www.latech.com.ro\/ro\/author\/admin\/"},"uagb_comment_info":0,"uagb_excerpt":"Pardoseli din lemn compozit gama clasic co-extrudat Pardoseala din WPC co-extrudat\u0103\u00a0 este acoperit\u0103 la suprafa\u021b\u0103 cu un polimer rezistent\u00a0 la zg\u00e2rieturi, umezeal\u0103, pete \u0219i decolorare.\u00a0 Diferen\u021be \u0219i avantaje cheie \u00a0 Rezisten\u021b\u0103 sporit\u0103: Principala diferen\u021b\u0103 const\u0103 \u00een procesul de fabrica\u021bie. WPC-ul co-extrudat are un miez compozit (lemn \u0219i plastic) acoperit de un strat protector de polimer&hellip;","_links":{"self":[{"href":"https:\/\/www.latech.com.ro\/ro\/wp-json\/wp\/v2\/pages\/2972"}],"collection":[{"href":"https:\/\/www.latech.com.ro\/ro\/wp-json\/wp\/v2\/pages"}],"about":[{"href":"https:\/\/www.latech.com.ro\/ro\/wp-json\/wp\/v2\/types\/page"}],"author":[{"embeddable":true,"href":"https:\/\/www.latech.com.ro\/ro\/wp-json\/wp\/v2\/users\/1"}],"replies":[{"embeddable":true,"href":"https:\/\/www.latech.com.ro\/ro\/wp-json\/wp\/v2\/comments?post=2972"}],"version-history":[{"count":21,"href":"https:\/\/www.latech.com.ro\/ro\/wp-json\/wp\/v2\/pages\/2972\/revisions"}],"predecessor-version":[{"id":3359,"href":"https:\/\/www.latech.com.ro\/ro\/wp-json\/wp\/v2\/pages\/2972\/revisions\/3359"}],"up":[{"embeddable":true,"href":"https:\/\/www.latech.com.ro\/ro\/wp-json\/wp\/v2\/pages\/2949"}],"wp:attachment":[{"href":"https:\/\/www.latech.com.ro\/ro\/wp-json\/wp\/v2\/media?parent=2972"}],"curies":[{"name":"wp","href":"https:\/\/api.w.org\/{rel}","templated":true}]}}