{"id":2957,"date":"2025-03-23T21:17:16","date_gmt":"2025-03-23T19:17:16","guid":{"rendered":"https:\/\/www.latech.com.ro\/?page_id=2957"},"modified":"2025-04-02T21:46:05","modified_gmt":"2025-04-02T18:46:05","slug":"profile-din-lemn-compozit-wpc-pentru-fatade","status":"publish","type":"page","link":"https:\/\/www.latech.com.ro\/ro\/produse\/profile-din-lemn-compozit-wpc-pentru-fatade\/","title":{"rendered":"Profile din lemn compozit WPC pentru fa\u021bade"},"content":{"rendered":"\t\t<div data-elementor-type=\"wp-page\" data-elementor-id=\"2957\" class=\"elementor elementor-2957\">\n\t\t\t\t\t\t\t\t\t<section class=\"elementor-section elementor-top-section elementor-element elementor-element-725f9805 elementor-section-boxed elementor-section-height-default elementor-section-height-default\" data-id=\"725f9805\" data-element_type=\"section\">\n\t\t\t\t\t\t<div class=\"elementor-container elementor-column-gap-default\">\n\t\t\t\t\t<div class=\"elementor-column elementor-col-100 elementor-top-column elementor-element elementor-element-19112a6b\" data-id=\"19112a6b\" data-element_type=\"column\">\n\t\t\t<div class=\"elementor-widget-wrap elementor-element-populated\">\n\t\t\t\t\t\t\t\t<div class=\"elementor-element elementor-element-b6d8a4c elementor-widget elementor-widget-text-editor\" data-id=\"b6d8a4c\" data-element_type=\"widget\" data-widget_type=\"text-editor.default\">\n\t\t\t\t<div class=\"elementor-widget-container\">\n\t\t\t<style>\/*! elementor - v3.13.3 - 22-05-2023 *\/\n.elementor-widget-text-editor.elementor-drop-cap-view-stacked .elementor-drop-cap{background-color:#69727d;color:#fff}.elementor-widget-text-editor.elementor-drop-cap-view-framed .elementor-drop-cap{color:#69727d;border:3px solid;background-color:transparent}.elementor-widget-text-editor:not(.elementor-drop-cap-view-default) .elementor-drop-cap{margin-top:8px}.elementor-widget-text-editor:not(.elementor-drop-cap-view-default) .elementor-drop-cap-letter{width:1em;height:1em}.elementor-widget-text-editor .elementor-drop-cap{float:left;text-align:center;line-height:1;font-size:50px}.elementor-widget-text-editor .elementor-drop-cap-letter{display:inline-block}<\/style>\t\t\t\t<p>De\u0219i se numesc profile de fa\u021bad\u0103, aceste pl\u0103ci din lemn compozit, pot fi folosite pentru a acoperi \u0219i alte suprafe\u021be interioare sau exterioare.<\/p><p><strong>Latech Composite<\/strong> v\u0103 ofer\u0103 o gam\u0103 exclusiv\u0103 de panouri din WPC pentru placare pere\u021bi, concepute at\u00e2t pentru exterior, c\u00e2t \u0219i pentru interioare, combin\u00e2nd estetica cu durabilitatea mare. Imit\u00e2nd\u00a0 lemnul natural,\u00a0 panourile WPC ofer\u0103 o rezisten\u021b\u0103 excep\u021bional\u0103 la intemperii, cu stabilitate ridicat\u0103 la UV \u0219i rezisten\u021b\u0103 la decolorare, asigur\u00e2nd culori vibrante \u0219i un finisaj de durat\u0103 ani de zile.<br \/>Aceste panouri se pot folosi pentru fa\u021bade, pere\u021bi \u0219i tavane, cre\u00e2nd o not\u0103 elegant\u0103,\u00a0 fiind rezistente la intemperii \u0219i\u00a0 totodat\u0103 un bun izolator fonic.<\/p><p>Se pot instala u\u0219or f\u0103r\u0103 prea mare efort, at\u00e2t pe vertical\u0103 c\u00e2t \u0219i pe orizontal\u0103, oferind un finisaj elegant.<\/p><p><\/p>\t\t\t\t\t\t<\/div>\n\t\t\t\t<\/div>\n\t\t\t\t\t<\/div>\n\t\t<\/div>\n\t\t\t\t\t\t\t<\/div>\n\t\t<\/section>\n\t\t\t\t<section class=\"elementor-section elementor-top-section elementor-element elementor-element-1185668 elementor-section-boxed elementor-section-height-default elementor-section-height-default\" data-id=\"1185668\" data-element_type=\"section\">\n\t\t\t\t\t\t<div class=\"elementor-container elementor-column-gap-default\">\n\t\t\t\t\t<div class=\"elementor-column elementor-col-50 elementor-top-column elementor-element elementor-element-cd03675\" data-id=\"cd03675\" data-element_type=\"column\">\n\t\t\t<div class=\"elementor-widget-wrap elementor-element-populated\">\n\t\t\t\t\t\t\t\t<div class=\"elementor-element elementor-element-6caaace elementor-widget elementor-widget-text-editor\" data-id=\"6caaace\" data-element_type=\"widget\" data-widget_type=\"text-editor.default\">\n\t\t\t\t<div class=\"elementor-widget-container\">\n\t\t\t\t\t\t\t<h4 style=\"text-align: center;\">Caracteristici profile fa\u021bad\u0103<\/h4><ul><li>L\u0103\u021bime 219 mm;<br \/>L\u0103\u021bime util\u0103 200 mm;<br \/>grosime 20mm;<br \/>Greutate 2.45 kg \/ml ;<br \/>Greutate 12,25 kg\/mp;<br \/>\u00centr-un mp intr\u0103 5ml de profil<\/li><li>Lungimi : 2700 mm, 2900 mm, 3500 mm, 4000 mm<\/li><\/ul>\t\t\t\t\t\t<\/div>\n\t\t\t\t<\/div>\n\t\t\t\t\t<\/div>\n\t\t<\/div>\n\t\t\t\t<div class=\"elementor-column elementor-col-50 elementor-top-column elementor-element elementor-element-3e84669\" data-id=\"3e84669\" data-element_type=\"column\">\n\t\t\t<div class=\"elementor-widget-wrap elementor-element-populated\">\n\t\t\t\t\t\t\t\t<div class=\"elementor-element elementor-element-eff25e5 elementor-widget elementor-widget-image\" data-id=\"eff25e5\" data-element_type=\"widget\" data-widget_type=\"image.default\">\n\t\t\t\t<div class=\"elementor-widget-container\">\n\t\t\t<style>\/*! elementor - v3.13.3 - 22-05-2023 *\/\n.elementor-widget-image{text-align:center}.elementor-widget-image a{display:inline-block}.elementor-widget-image a img[src$=\".svg\"]{width:48px}.elementor-widget-image img{vertical-align:middle;display:inline-block}<\/style>\t\t\t\t\t\t\t\t\t\t\t\t<img decoding=\"async\" width=\"1111\" height=\"619\" src=\"https:\/\/www.latech.com.ro\/wp-content\/uploads\/2025\/04\/Latech-Composite-lamela_palacari1.jpg\" class=\"attachment-large size-large wp-image-3179\" alt=\"\" srcset=\"https:\/\/www.latech.com.ro\/wp-content\/uploads\/2025\/04\/Latech-Composite-lamela_palacari1.jpg 1111w, https:\/\/www.latech.com.ro\/wp-content\/uploads\/2025\/04\/Latech-Composite-lamela_palacari1-300x167.jpg 300w, https:\/\/www.latech.com.ro\/wp-content\/uploads\/2025\/04\/Latech-Composite-lamela_palacari1-768x428.jpg 768w\" sizes=\"(max-width: 1111px) 100vw, 1111px\" \/>\t\t\t\t\t\t\t\t\t\t\t\t\t\t\t<\/div>\n\t\t\t\t<\/div>\n\t\t\t\t\t<\/div>\n\t\t<\/div>\n\t\t\t\t\t\t\t<\/div>\n\t\t<\/section>\n\t\t\t\t<section class=\"elementor-section elementor-top-section elementor-element elementor-element-c973189 elementor-section-boxed elementor-section-height-default elementor-section-height-default\" data-id=\"c973189\" data-element_type=\"section\">\n\t\t\t\t\t\t<div class=\"elementor-container elementor-column-gap-default\">\n\t\t\t\t\t<div class=\"elementor-column elementor-col-100 elementor-top-column elementor-element elementor-element-5b3df9a\" data-id=\"5b3df9a\" data-element_type=\"column\">\n\t\t\t<div class=\"elementor-widget-wrap elementor-element-populated\">\n\t\t\t\t\t\t\t\t<div class=\"elementor-element elementor-element-aab139a elementor-widget elementor-widget-image\" data-id=\"aab139a\" data-element_type=\"widget\" data-widget_type=\"image.default\">\n\t\t\t\t<div class=\"elementor-widget-container\">\n\t\t\t\t\t\t\t\t\t\t\t\t\t\t\t<img decoding=\"async\" src=\"https:\/\/www.latech.com.ro\/wp-content\/uploads\/2025\/03\/Latech-Composite-placari-pereti-co-extrudate.png\" title=\"Latech Composite-placari pere\u021bi-co-extrudate\" alt=\"Latech Composite-placari pere\u021bi-co-extrudate\" loading=\"lazy\" \/>\t\t\t\t\t\t\t\t\t\t\t\t\t\t\t<\/div>\n\t\t\t\t<\/div>\n\t\t\t\t\t<\/div>\n\t\t<\/div>\n\t\t\t\t\t\t\t<\/div>\n\t\t<\/section>\n\t\t\t\t<section class=\"elementor-section elementor-top-section elementor-element elementor-element-9834b46 elementor-section-boxed elementor-section-height-default elementor-section-height-default\" data-id=\"9834b46\" data-element_type=\"section\">\n\t\t\t\t\t\t<div class=\"elementor-container elementor-column-gap-default\">\n\t\t\t\t\t<div class=\"elementor-column elementor-col-33 elementor-top-column elementor-element elementor-element-5c3320b\" data-id=\"5c3320b\" data-element_type=\"column\">\n\t\t\t<div class=\"elementor-widget-wrap elementor-element-populated\">\n\t\t\t\t\t\t\t\t<div class=\"elementor-element elementor-element-4030385 elementor-widget elementor-widget-image\" data-id=\"4030385\" data-element_type=\"widget\" data-widget_type=\"image.default\">\n\t\t\t\t<div class=\"elementor-widget-container\">\n\t\t\t\t\t\t\t\t\t\t\t\t\t\t\t<img decoding=\"async\" width=\"974\" height=\"364\" src=\"https:\/\/www.latech.com.ro\/wp-content\/uploads\/2015\/03\/placari-exterioare-cu-panouri-compozite.gif\" class=\"attachment-large size-large wp-image-63\" alt=\"Plaacari exterioare cu panouri compozite\" \/>\t\t\t\t\t\t\t\t\t\t\t\t\t\t\t<\/div>\n\t\t\t\t<\/div>\n\t\t\t\t\t<\/div>\n\t\t<\/div>\n\t\t\t\t<div class=\"elementor-column elementor-col-33 elementor-top-column elementor-element elementor-element-b54b36b\" data-id=\"b54b36b\" data-element_type=\"column\">\n\t\t\t<div class=\"elementor-widget-wrap elementor-element-populated\">\n\t\t\t\t\t\t\t\t<div class=\"elementor-element elementor-element-efe5fec elementor-widget elementor-widget-image\" data-id=\"efe5fec\" data-element_type=\"widget\" data-widget_type=\"image.default\">\n\t\t\t\t<div class=\"elementor-widget-container\">\n\t\t\t\t\t\t\t\t\t\t\t\t\t\t\t<img decoding=\"async\" width=\"780\" height=\"720\" src=\"https:\/\/www.latech.com.ro\/wp-content\/uploads\/2025\/03\/Latech-Composite-placari-fatada-1.jpg\" class=\"attachment-large size-large wp-image-3086\" alt=\"\" srcset=\"https:\/\/www.latech.com.ro\/wp-content\/uploads\/2025\/03\/Latech-Composite-placari-fatada-1.jpg 780w, https:\/\/www.latech.com.ro\/wp-content\/uploads\/2025\/03\/Latech-Composite-placari-fatada-1-300x277.jpg 300w, https:\/\/www.latech.com.ro\/wp-content\/uploads\/2025\/03\/Latech-Composite-placari-fatada-1-768x709.jpg 768w\" sizes=\"(max-width: 780px) 100vw, 780px\" \/>\t\t\t\t\t\t\t\t\t\t\t\t\t\t\t<\/div>\n\t\t\t\t<\/div>\n\t\t\t\t\t<\/div>\n\t\t<\/div>\n\t\t\t\t<div class=\"elementor-column elementor-col-33 elementor-top-column elementor-element elementor-element-98dab9c\" data-id=\"98dab9c\" data-element_type=\"column\">\n\t\t\t<div class=\"elementor-widget-wrap elementor-element-populated\">\n\t\t\t\t\t\t\t\t<div class=\"elementor-element elementor-element-00a6439 elementor-widget elementor-widget-image\" data-id=\"00a6439\" data-element_type=\"widget\" data-widget_type=\"image.default\">\n\t\t\t\t<div class=\"elementor-widget-container\">\n\t\t\t\t\t\t\t\t\t\t\t\t\t\t\t<img decoding=\"async\" width=\"551\" height=\"849\" src=\"https:\/\/www.latech.com.ro\/wp-content\/uploads\/2025\/03\/Latech-Composite-placari-pereti-1.jpg\" class=\"attachment-large size-large wp-image-3085\" alt=\"\" srcset=\"https:\/\/www.latech.com.ro\/wp-content\/uploads\/2025\/03\/Latech-Composite-placari-pereti-1.jpg 551w, https:\/\/www.latech.com.ro\/wp-content\/uploads\/2025\/03\/Latech-Composite-placari-pereti-1-195x300.jpg 195w\" sizes=\"(max-width: 551px) 100vw, 551px\" \/>\t\t\t\t\t\t\t\t\t\t\t\t\t\t\t<\/div>\n\t\t\t\t<\/div>\n\t\t\t\t\t<\/div>\n\t\t<\/div>\n\t\t\t\t\t\t\t<\/div>\n\t\t<\/section>\n\t\t\t\t<section class=\"elementor-section elementor-top-section elementor-element elementor-element-e9e14cc elementor-section-boxed elementor-section-height-default elementor-section-height-default\" data-id=\"e9e14cc\" data-element_type=\"section\">\n\t\t\t\t\t\t<div class=\"elementor-container elementor-column-gap-default\">\n\t\t\t\t\t<div class=\"elementor-column elementor-col-100 elementor-top-column elementor-element elementor-element-40e2157\" data-id=\"40e2157\" data-element_type=\"column\">\n\t\t\t<div class=\"elementor-widget-wrap elementor-element-populated\">\n\t\t\t\t\t\t\t\t<div class=\"elementor-element elementor-element-2e73095 elementor-widget elementor-widget-text-editor\" data-id=\"2e73095\" data-element_type=\"widget\" data-widget_type=\"text-editor.default\">\n\t\t\t\t<div class=\"elementor-widget-container\">\n\t\t\t\t\t\t\t<p>Pentru mai multe detalii si ob\u0163inerea ofertei ideale pentru nevoile dumneavoastr\u0103, nu ezita\u0163i s\u0103 ne contacta\u0163i la num\u0103rul de telefon afi\u0219at sau prin email<\/p>\t\t\t\t\t\t<\/div>\n\t\t\t\t<\/div>\n\t\t\t\t\t<\/div>\n\t\t<\/div>\n\t\t\t\t\t\t\t<\/div>\n\t\t<\/section>\n\t\t\t\t\t\t\t<\/div>\n\t\t","protected":false},"excerpt":{"rendered":"<p>De\u0219i se numesc profile de fa\u021bad\u0103, aceste pl\u0103ci din lemn compozit, pot fi folosite pentru a acoperi \u0219i alte suprafe\u021be interioare sau exterioare. Latech Composite v\u0103 ofer\u0103 o gam\u0103 exclusiv\u0103 de panouri din WPC pentru placare pere\u021bi, concepute at\u00e2t pentru exterior, c\u00e2t \u0219i pentru interioare, combin\u00e2nd estetica cu durabilitatea mare. Imit\u00e2nd\u00a0 lemnul natural,\u00a0 panourile WPC [&hellip;]<\/p>\n","protected":false},"author":1,"featured_media":0,"parent":2,"menu_order":0,"comment_status":"closed","ping_status":"closed","template":"","meta":{"_uag_custom_page_level_css":"","site-sidebar-layout":"default","site-content-layout":"","ast-site-content-layout":"default","site-content-style":"default","site-sidebar-style":"default","ast-global-header-display":"","ast-banner-title-visibility":"","ast-main-header-display":"","ast-hfb-above-header-display":"","ast-hfb-below-header-display":"","ast-hfb-mobile-header-display":"","site-post-title":"","ast-breadcrumbs-content":"","ast-featured-img":"","footer-sml-layout":"","theme-transparent-header-meta":"default","adv-header-id-meta":"","stick-header-meta":"","header-above-stick-meta":"","header-main-stick-meta":"","header-below-stick-meta":"","astra-migrate-meta-layouts":"set","ast-page-background-enabled":"default","ast-page-background-meta":{"desktop":{"background-color":"var(--ast-global-color-4)","background-image":"","background-repeat":"repeat","background-position":"center center","background-size":"auto","background-attachment":"scroll","background-type":"","background-media":"","overlay-type":"","overlay-color":"","overlay-opacity":"","overlay-gradient":""},"tablet":{"background-color":"","background-image":"","background-repeat":"repeat","background-position":"center center","background-size":"auto","background-attachment":"scroll","background-type":"","background-media":"","overlay-type":"","overlay-color":"","overlay-opacity":"","overlay-gradient":""},"mobile":{"background-color":"","background-image":"","background-repeat":"repeat","background-position":"center center","background-size":"auto","background-attachment":"scroll","background-type":"","background-media":"","overlay-type":"","overlay-color":"","overlay-opacity":"","overlay-gradient":""}},"ast-content-background-meta":{"desktop":{"background-color":"var(--ast-global-color-5)","background-image":"","background-repeat":"repeat","background-position":"center center","background-size":"auto","background-attachment":"scroll","background-type":"","background-media":"","overlay-type":"","overlay-color":"","overlay-opacity":"","overlay-gradient":""},"tablet":{"background-color":"var(--ast-global-color-5)","background-image":"","background-repeat":"repeat","background-position":"center center","background-size":"auto","background-attachment":"scroll","background-type":"","background-media":"","overlay-type":"","overlay-color":"","overlay-opacity":"","overlay-gradient":""},"mobile":{"background-color":"var(--ast-global-color-5)","background-image":"","background-repeat":"repeat","background-position":"center center","background-size":"auto","background-attachment":"scroll","background-type":"","background-media":"","overlay-type":"","overlay-color":"","overlay-opacity":"","overlay-gradient":""}},"footnotes":""},"class_list":["post-2957","page","type-page","status-publish","hentry"],"uagb_featured_image_src":{"full":false,"thumbnail":false,"medium":false,"medium_large":false,"large":false,"1536x1536":false,"2048x2048":false},"uagb_author_info":{"display_name":"Admin","author_link":"https:\/\/www.latech.com.ro\/ro\/author\/admin\/"},"uagb_comment_info":0,"uagb_excerpt":"De\u0219i se numesc profile de fa\u021bad\u0103, aceste pl\u0103ci din lemn compozit, pot fi folosite pentru a acoperi \u0219i alte suprafe\u021be interioare sau exterioare. Latech Composite v\u0103 ofer\u0103 o gam\u0103 exclusiv\u0103 de panouri din WPC pentru placare pere\u021bi, concepute at\u00e2t pentru exterior, c\u00e2t \u0219i pentru interioare, combin\u00e2nd estetica cu durabilitatea mare. Imit\u00e2nd\u00a0 lemnul natural,\u00a0 panourile WPC&hellip;","_links":{"self":[{"href":"https:\/\/www.latech.com.ro\/ro\/wp-json\/wp\/v2\/pages\/2957"}],"collection":[{"href":"https:\/\/www.latech.com.ro\/ro\/wp-json\/wp\/v2\/pages"}],"about":[{"href":"https:\/\/www.latech.com.ro\/ro\/wp-json\/wp\/v2\/types\/page"}],"author":[{"embeddable":true,"href":"https:\/\/www.latech.com.ro\/ro\/wp-json\/wp\/v2\/users\/1"}],"replies":[{"embeddable":true,"href":"https:\/\/www.latech.com.ro\/ro\/wp-json\/wp\/v2\/comments?post=2957"}],"version-history":[{"count":0,"href":"https:\/\/www.latech.com.ro\/ro\/wp-json\/wp\/v2\/pages\/2957\/revisions"}],"up":[{"embeddable":true,"href":"https:\/\/www.latech.com.ro\/ro\/wp-json\/wp\/v2\/pages\/2"}],"wp:attachment":[{"href":"https:\/\/www.latech.com.ro\/ro\/wp-json\/wp\/v2\/media?parent=2957"}],"curies":[{"name":"wp","href":"https:\/\/api.w.org\/{rel}","templated":true}]}}