{"id":2949,"date":"2025-03-23T20:24:46","date_gmt":"2025-03-23T18:24:46","guid":{"rendered":"https:\/\/www.latech.com.ro\/?page_id=2949"},"modified":"2025-10-07T11:45:31","modified_gmt":"2025-10-07T08:45:31","slug":"profile-pentru-pardoseli-wpc","status":"publish","type":"page","link":"https:\/\/www.latech.com.ro\/ro\/produse\/profile-pentru-pardoseli-wpc\/","title":{"rendered":"Profile pentru pardoseli WPC"},"content":{"rendered":"\t\t<div data-elementor-type=\"wp-page\" data-elementor-id=\"2949\" class=\"elementor elementor-2949\">\n\t\t\t\t\t\t\t\t\t<section class=\"elementor-section elementor-top-section elementor-element elementor-element-856c5f8 elementor-section-boxed elementor-section-height-default elementor-section-height-default\" data-id=\"856c5f8\" data-element_type=\"section\">\n\t\t\t\t\t\t<div class=\"elementor-container elementor-column-gap-default\">\n\t\t\t\t\t<div class=\"elementor-column elementor-col-33 elementor-top-column elementor-element elementor-element-1714627\" data-id=\"1714627\" data-element_type=\"column\">\n\t\t\t<div class=\"elementor-widget-wrap elementor-element-populated\">\n\t\t\t\t\t\t\t\t<div class=\"elementor-element elementor-element-6f83c98 elementor-position-top elementor-vertical-align-top elementor-widget elementor-widget-image-box\" data-id=\"6f83c98\" data-element_type=\"widget\" data-widget_type=\"image-box.default\">\n\t\t\t\t<div class=\"elementor-widget-container\">\n\t\t\t<style>\/*! elementor - v3.13.3 - 22-05-2023 *\/\n.elementor-widget-image-box .elementor-image-box-content{width:100%}@media (min-width:768px){.elementor-widget-image-box.elementor-position-left .elementor-image-box-wrapper,.elementor-widget-image-box.elementor-position-right .elementor-image-box-wrapper{display:flex}.elementor-widget-image-box.elementor-position-right .elementor-image-box-wrapper{text-align:right;flex-direction:row-reverse}.elementor-widget-image-box.elementor-position-left .elementor-image-box-wrapper{text-align:left;flex-direction:row}.elementor-widget-image-box.elementor-position-top .elementor-image-box-img{margin:auto}.elementor-widget-image-box.elementor-vertical-align-top .elementor-image-box-wrapper{align-items:flex-start}.elementor-widget-image-box.elementor-vertical-align-middle .elementor-image-box-wrapper{align-items:center}.elementor-widget-image-box.elementor-vertical-align-bottom .elementor-image-box-wrapper{align-items:flex-end}}@media (max-width:767px){.elementor-widget-image-box .elementor-image-box-img{margin-left:auto!important;margin-right:auto!important;margin-bottom:15px}}.elementor-widget-image-box .elementor-image-box-img{display:inline-block}.elementor-widget-image-box .elementor-image-box-title a{color:inherit}.elementor-widget-image-box .elementor-image-box-wrapper{text-align:center}.elementor-widget-image-box .elementor-image-box-description{margin:0}<\/style><div class=\"elementor-image-box-wrapper\"><figure class=\"elementor-image-box-img\"><a href=\"https:\/\/www.latech.com.ro\/produse\/profile-pentru-pardoseli-wpc\/placi-pentru-terase-exterioare-gama-clasic\/\"><img decoding=\"async\" width=\"750\" height=\"351\" src=\"https:\/\/www.latech.com.ro\/wp-content\/uploads\/2023\/05\/Latech-Composite-pardoseli-wpc-gama-clasic.jpg\" class=\"attachment-full size-full wp-image-2625\" alt=\"\" srcset=\"https:\/\/www.latech.com.ro\/wp-content\/uploads\/2023\/05\/Latech-Composite-pardoseli-wpc-gama-clasic.jpg 750w, https:\/\/www.latech.com.ro\/wp-content\/uploads\/2023\/05\/Latech-Composite-pardoseli-wpc-gama-clasic-300x140.jpg 300w\" sizes=\"(max-width: 750px) 100vw, 750px\" \/><\/a><\/figure><div class=\"elementor-image-box-content\"><h3 class=\"elementor-image-box-title\"><a href=\"https:\/\/www.latech.com.ro\/produse\/profile-pentru-pardoseli-wpc\/placi-pentru-terase-exterioare-gama-clasic\/\">Profile Gama Clasic\u200b<\/a><\/h3><\/div><\/div>\t\t<\/div>\n\t\t\t\t<\/div>\n\t\t\t\t\t<\/div>\n\t\t<\/div>\n\t\t\t\t<div class=\"elementor-column elementor-col-33 elementor-top-column elementor-element elementor-element-22215e4\" data-id=\"22215e4\" data-element_type=\"column\">\n\t\t\t<div class=\"elementor-widget-wrap elementor-element-populated\">\n\t\t\t\t\t\t\t\t<div class=\"elementor-element elementor-element-c42f311 elementor-position-top elementor-vertical-align-top elementor-widget elementor-widget-image-box\" data-id=\"c42f311\" data-element_type=\"widget\" data-widget_type=\"image-box.default\">\n\t\t\t\t<div class=\"elementor-widget-container\">\n\t\t\t<div class=\"elementor-image-box-wrapper\"><figure class=\"elementor-image-box-img\"><a href=\"https:\/\/www.latech.com.ro\/ro\/produse\/profile-pentru-pardoseli-wpc\/gama-co-extrudat\/\"><img decoding=\"async\" width=\"640\" height=\"480\" src=\"https:\/\/www.latech.com.ro\/wp-content\/uploads\/2023\/06\/latech-Composite-producator-wpc.jpg\" class=\"attachment-full size-full wp-image-2726\" alt=\"\" srcset=\"https:\/\/www.latech.com.ro\/wp-content\/uploads\/2023\/06\/latech-Composite-producator-wpc.jpg 640w, https:\/\/www.latech.com.ro\/wp-content\/uploads\/2023\/06\/latech-Composite-producator-wpc-300x225.jpg 300w\" sizes=\"(max-width: 640px) 100vw, 640px\" \/><\/a><\/figure><div class=\"elementor-image-box-content\"><h3 class=\"elementor-image-box-title\"><a href=\"https:\/\/www.latech.com.ro\/ro\/produse\/profile-pentru-pardoseli-wpc\/gama-co-extrudat\/\">Profile Gama Co-extrudate<\/a><\/h3><\/div><\/div>\t\t<\/div>\n\t\t\t\t<\/div>\n\t\t\t\t\t<\/div>\n\t\t<\/div>\n\t\t\t\t<div class=\"elementor-column elementor-col-33 elementor-top-column elementor-element elementor-element-6af383c\" data-id=\"6af383c\" data-element_type=\"column\">\n\t\t\t<div class=\"elementor-widget-wrap elementor-element-populated\">\n\t\t\t\t\t\t\t\t<div class=\"elementor-element elementor-element-b037ed5 elementor-position-top elementor-vertical-align-top elementor-widget elementor-widget-image-box\" data-id=\"b037ed5\" data-element_type=\"widget\" data-widget_type=\"image-box.default\">\n\t\t\t\t<div class=\"elementor-widget-container\">\n\t\t\t<div class=\"elementor-image-box-wrapper\"><figure class=\"elementor-image-box-img\"><a href=\"https:\/\/www.latech.com.ro\/produse\/profile-pentru-pardoseli-wpc\/placi-pentru-terase-exterioare-gama-premium\/\"><img decoding=\"async\" width=\"750\" height=\"350\" src=\"https:\/\/www.latech.com.ro\/wp-content\/uploads\/2023\/05\/Latech-Composite-pardoseli-WPC-gama-premium.jpg\" class=\"attachment-full size-full wp-image-2626\" alt=\"\" srcset=\"https:\/\/www.latech.com.ro\/wp-content\/uploads\/2023\/05\/Latech-Composite-pardoseli-WPC-gama-premium.jpg 750w, https:\/\/www.latech.com.ro\/wp-content\/uploads\/2023\/05\/Latech-Composite-pardoseli-WPC-gama-premium-300x140.jpg 300w\" sizes=\"(max-width: 750px) 100vw, 750px\" \/><\/a><\/figure><div class=\"elementor-image-box-content\"><h3 class=\"elementor-image-box-title\"><a href=\"https:\/\/www.latech.com.ro\/produse\/profile-pentru-pardoseli-wpc\/placi-pentru-terase-exterioare-gama-premium\/\">Profile Gama Premium<\/a><\/h3><\/div><\/div>\t\t<\/div>\n\t\t\t\t<\/div>\n\t\t\t\t\t<\/div>\n\t\t<\/div>\n\t\t\t\t\t\t\t<\/div>\n\t\t<\/section>\n\t\t\t\t<section class=\"elementor-section elementor-top-section elementor-element elementor-element-5403c78 elementor-section-boxed elementor-section-height-default elementor-section-height-default\" data-id=\"5403c78\" data-element_type=\"section\">\n\t\t\t\t\t\t<div class=\"elementor-container elementor-column-gap-default\">\n\t\t\t\t\t<div class=\"elementor-column elementor-col-100 elementor-top-column elementor-element elementor-element-0f62627\" data-id=\"0f62627\" data-element_type=\"column\">\n\t\t\t<div class=\"elementor-widget-wrap elementor-element-populated\">\n\t\t\t\t\t\t\t\t<div class=\"elementor-element elementor-element-1dfe4a8 elementor-widget elementor-widget-text-editor\" data-id=\"1dfe4a8\" data-element_type=\"widget\" data-widget_type=\"text-editor.default\">\n\t\t\t\t<div class=\"elementor-widget-container\">\n\t\t\t<style>\/*! elementor - v3.13.3 - 22-05-2023 *\/\n.elementor-widget-text-editor.elementor-drop-cap-view-stacked .elementor-drop-cap{background-color:#69727d;color:#fff}.elementor-widget-text-editor.elementor-drop-cap-view-framed .elementor-drop-cap{color:#69727d;border:3px solid;background-color:transparent}.elementor-widget-text-editor:not(.elementor-drop-cap-view-default) .elementor-drop-cap{margin-top:8px}.elementor-widget-text-editor:not(.elementor-drop-cap-view-default) .elementor-drop-cap-letter{width:1em;height:1em}.elementor-widget-text-editor .elementor-drop-cap{float:left;text-align:center;line-height:1;font-size:50px}.elementor-widget-text-editor .elementor-drop-cap-letter{display:inline-block}<\/style>\t\t\t\t<p><b>Pardoselile din lemn compozit (WPC)<\/b>, cunoscute \u0219i sub denumirea de <b>deck<\/b> sau <b>decking<\/b>, reprezint\u0103 solu\u021bia ideal\u0103 pentru amenajarea modern\u0103 a spa\u021biilor exterioare. Aceste <b>du\u0219umele<\/b> durabile \u0219i rezistente la intemperii sunt special concepute pentru <b>terase<\/b>, oferind aspectul cald al lemnului natural f\u0103r\u0103 a necesita \u00eentre\u021binerea laborioas\u0103 a acestuia.<\/p>\t\t\t\t\t\t<\/div>\n\t\t\t\t<\/div>\n\t\t\t\t\t<\/div>\n\t\t<\/div>\n\t\t\t\t\t\t\t<\/div>\n\t\t<\/section>\n\t\t\t\t<section class=\"elementor-section elementor-top-section elementor-element elementor-element-7837b764 elementor-section-boxed elementor-section-height-default elementor-section-height-default\" data-id=\"7837b764\" data-element_type=\"section\">\n\t\t\t\t\t\t<div class=\"elementor-container elementor-column-gap-default\">\n\t\t\t\t\t<div class=\"elementor-column elementor-col-100 elementor-top-column elementor-element elementor-element-4302241f\" data-id=\"4302241f\" data-element_type=\"column\">\n\t\t\t<div class=\"elementor-widget-wrap elementor-element-populated\">\n\t\t\t\t\t\t\t\t<div class=\"elementor-element elementor-element-29652095 elementor-widget elementor-widget-text-editor\" data-id=\"29652095\" data-element_type=\"widget\" data-widget_type=\"text-editor.default\">\n\t\t\t\t<div class=\"elementor-widget-container\">\n\t\t\t\t\t\t\t<p><\/p><h4>Pardoselile din lemn plastifiat pentru terase produse de\u00a0<strong>Latech Composite<\/strong>\u00a0prezint\u0103 mai multe avantaje, printre care enumer\u0103m:<\/h4><ul><li>Evitarea apari\u0163iei cr\u0103p\u0103turilor, fisurilor sau existen\u0163a nodurilor<\/li><li>Suprafa\u0163a compact\u0103, f\u0103r\u0103 a\u015fchii, care ofer\u0103 siguran\u0163\u0103 \u00eempotriva r\u0103nilor provocate de acestea<\/li><li>Proiectarea pardoselilor asigura protec\u0163ia \u00eempotriva alunec\u0103rii, prin urmare sunt potrivite pentru utilizare \u00een aer liber sau locuri umede<\/li><li>Reprezint\u0103 locuri de joac\u0103\u00a0ideale pentru copii, oferind siguran\u0163\u0103 si \u00eencredere<\/li><li>Nu au nevoie de mult timp pentru \u00eentre\u0163inere si cur\u0103\u0163are, spre deosebire de pardoselile clasice, din lemn<\/li><li>Rezist\u0103 cu succes la intemperii, insecte, ciuperci si sunt ignifuge<\/li><li>Sunt reciclabile, 100% ecologice si au o un grad ridicat de durabilitate<\/li><\/ul><p>Profilele din lemn plastifiat produse de Latech Composite se impart in<\/p><ul><li><a href=\"https:\/\/www.latech.com.ro\/produse\/profile-pentru-pardoseli-wpc\/placi-pentru-terase-exterioare-gama-clasic\/\">gama de profile CLASIC<\/a><\/li><li><a href=\"https:\/\/www.latech.com.ro\/produse\/profile-pentru-pardoseli-wpc\/placi-pentru-terase-exterioare-gama-premium\/\">gama de profile PREMIUM<\/a><\/li><li><a href=\"https:\/\/www.latech.com.ro\/ro\/produse\/profile-pentru-pardoseli-wpc\/gama-co-extrudat\/\">gama CO-EXTRUDAT\u0102<\/a><\/li><\/ul><p>Transform\u0103-\u021bi spa\u021biul exterior cu un sistem de <b>decking WPC<\/b> de ultim\u0103 genera\u021bie! Aceste <b>pardoseli\/du\u0219umele<\/b> compozite sunt proiectate s\u0103 reziste, fiind alegerea optim\u0103 pentru <b>terase<\/b> care \u00ee\u0219i p\u0103streaz\u0103 frumuse\u021bea ani la r\u00e2nd. Materialul <b>WPC<\/b> combin\u0103 rezisten\u021ba polimerilor cu aspectul lemnului, oferind o solu\u021bie de <b>deck<\/b> practic\u0103 \u0219i elegant\u0103.<\/p><p>Compania noastr\u0103 produce pardoseli \u00een diferite nuan\u0163e si toate accesoriile necesare pentru montaj.<\/p>\t\t\t\t\t\t<\/div>\n\t\t\t\t<\/div>\n\t\t\t\t\t<\/div>\n\t\t<\/div>\n\t\t\t\t\t\t\t<\/div>\n\t\t<\/section>\n\t\t\t\t\t\t\t<\/div>\n\t\t","protected":false},"excerpt":{"rendered":"<p>Profile Gama Clasic\u200b Profile Gama Co-extrudate Profile Gama Premium Pardoselile din lemn compozit (WPC), cunoscute \u0219i sub denumirea de deck sau decking, reprezint\u0103 solu\u021bia ideal\u0103 pentru amenajarea modern\u0103 a spa\u021biilor exterioare. Aceste du\u0219umele durabile \u0219i rezistente la intemperii sunt special concepute pentru terase, oferind aspectul cald al lemnului natural f\u0103r\u0103 a necesita \u00eentre\u021binerea laborioas\u0103 a [&hellip;]<\/p>\n","protected":false},"author":1,"featured_media":0,"parent":2,"menu_order":0,"comment_status":"closed","ping_status":"closed","template":"","meta":{"_uag_custom_page_level_css":"","site-sidebar-layout":"default","site-content-layout":"","ast-site-content-layout":"default","site-content-style":"default","site-sidebar-style":"default","ast-global-header-display":"","ast-banner-title-visibility":"","ast-main-header-display":"","ast-hfb-above-header-display":"","ast-hfb-below-header-display":"","ast-hfb-mobile-header-display":"","site-post-title":"","ast-breadcrumbs-content":"","ast-featured-img":"","footer-sml-layout":"","theme-transparent-header-meta":"default","adv-header-id-meta":"","stick-header-meta":"","header-above-stick-meta":"","header-main-stick-meta":"","header-below-stick-meta":"","astra-migrate-meta-layouts":"set","ast-page-background-enabled":"default","ast-page-background-meta":{"desktop":{"background-color":"var(--ast-global-color-4)","background-image":"","background-repeat":"repeat","background-position":"center center","background-size":"auto","background-attachment":"scroll","background-type":"","background-media":"","overlay-type":"","overlay-color":"","overlay-opacity":"","overlay-gradient":""},"tablet":{"background-color":"","background-image":"","background-repeat":"repeat","background-position":"center center","background-size":"auto","background-attachment":"scroll","background-type":"","background-media":"","overlay-type":"","overlay-color":"","overlay-opacity":"","overlay-gradient":""},"mobile":{"background-color":"","background-image":"","background-repeat":"repeat","background-position":"center center","background-size":"auto","background-attachment":"scroll","background-type":"","background-media":"","overlay-type":"","overlay-color":"","overlay-opacity":"","overlay-gradient":""}},"ast-content-background-meta":{"desktop":{"background-color":"var(--ast-global-color-5)","background-image":"","background-repeat":"repeat","background-position":"center center","background-size":"auto","background-attachment":"scroll","background-type":"","background-media":"","overlay-type":"","overlay-color":"","overlay-opacity":"","overlay-gradient":""},"tablet":{"background-color":"var(--ast-global-color-5)","background-image":"","background-repeat":"repeat","background-position":"center center","background-size":"auto","background-attachment":"scroll","background-type":"","background-media":"","overlay-type":"","overlay-color":"","overlay-opacity":"","overlay-gradient":""},"mobile":{"background-color":"var(--ast-global-color-5)","background-image":"","background-repeat":"repeat","background-position":"center center","background-size":"auto","background-attachment":"scroll","background-type":"","background-media":"","overlay-type":"","overlay-color":"","overlay-opacity":"","overlay-gradient":""}},"footnotes":""},"class_list":["post-2949","page","type-page","status-publish","hentry"],"uagb_featured_image_src":{"full":false,"thumbnail":false,"medium":false,"medium_large":false,"large":false,"1536x1536":false,"2048x2048":false},"uagb_author_info":{"display_name":"Admin","author_link":"https:\/\/www.latech.com.ro\/ro\/author\/admin\/"},"uagb_comment_info":0,"uagb_excerpt":"Profile Gama Clasic\u200b Profile Gama Co-extrudate Profile Gama Premium Pardoselile din lemn compozit (WPC), cunoscute \u0219i sub denumirea de deck sau decking, reprezint\u0103 solu\u021bia ideal\u0103 pentru amenajarea modern\u0103 a spa\u021biilor exterioare. Aceste du\u0219umele durabile \u0219i rezistente la intemperii sunt special concepute pentru terase, oferind aspectul cald al lemnului natural f\u0103r\u0103 a necesita \u00eentre\u021binerea laborioas\u0103 a&hellip;","_links":{"self":[{"href":"https:\/\/www.latech.com.ro\/ro\/wp-json\/wp\/v2\/pages\/2949"}],"collection":[{"href":"https:\/\/www.latech.com.ro\/ro\/wp-json\/wp\/v2\/pages"}],"about":[{"href":"https:\/\/www.latech.com.ro\/ro\/wp-json\/wp\/v2\/types\/page"}],"author":[{"embeddable":true,"href":"https:\/\/www.latech.com.ro\/ro\/wp-json\/wp\/v2\/users\/1"}],"replies":[{"embeddable":true,"href":"https:\/\/www.latech.com.ro\/ro\/wp-json\/wp\/v2\/comments?post=2949"}],"version-history":[{"count":3,"href":"https:\/\/www.latech.com.ro\/ro\/wp-json\/wp\/v2\/pages\/2949\/revisions"}],"predecessor-version":[{"id":3410,"href":"https:\/\/www.latech.com.ro\/ro\/wp-json\/wp\/v2\/pages\/2949\/revisions\/3410"}],"up":[{"embeddable":true,"href":"https:\/\/www.latech.com.ro\/ro\/wp-json\/wp\/v2\/pages\/2"}],"wp:attachment":[{"href":"https:\/\/www.latech.com.ro\/ro\/wp-json\/wp\/v2\/media?parent=2949"}],"curies":[{"name":"wp","href":"https:\/\/api.w.org\/{rel}","templated":true}]}}