{"id":2,"date":"2023-05-12T20:07:08","date_gmt":"2023-05-12T17:07:08","guid":{"rendered":"http:\/\/latech.com.ro\/?page_id=2"},"modified":"2025-04-11T11:36:16","modified_gmt":"2025-04-11T08:36:16","slug":"produse","status":"publish","type":"page","link":"https:\/\/www.latech.com.ro\/ro\/produse\/","title":{"rendered":"Produse"},"content":{"rendered":"\t\t<div data-elementor-type=\"wp-page\" data-elementor-id=\"2\" class=\"elementor elementor-2\">\n\t\t\t\t\t\t\t\t\t<section class=\"elementor-section elementor-top-section elementor-element elementor-element-ec097e4 elementor-section-boxed elementor-section-height-default elementor-section-height-default\" data-id=\"ec097e4\" data-element_type=\"section\">\n\t\t\t\t\t\t<div class=\"elementor-container elementor-column-gap-default\">\n\t\t\t\t\t<div class=\"elementor-column elementor-col-100 elementor-top-column elementor-element elementor-element-f511c9f\" data-id=\"f511c9f\" data-element_type=\"column\">\n\t\t\t<div class=\"elementor-widget-wrap elementor-element-populated\">\n\t\t\t\t\t\t\t\t<div class=\"elementor-element elementor-element-0dc491d elementor-widget elementor-widget-heading\" data-id=\"0dc491d\" data-element_type=\"widget\" data-widget_type=\"heading.default\">\n\t\t\t\t<div class=\"elementor-widget-container\">\n\t\t\t<style>\/*! elementor - v3.13.3 - 22-05-2023 *\/\n.elementor-heading-title{padding:0;margin:0;line-height:1}.elementor-widget-heading .elementor-heading-title[class*=elementor-size-]>a{color:inherit;font-size:inherit;line-height:inherit}.elementor-widget-heading .elementor-heading-title.elementor-size-small{font-size:15px}.elementor-widget-heading .elementor-heading-title.elementor-size-medium{font-size:19px}.elementor-widget-heading .elementor-heading-title.elementor-size-large{font-size:29px}.elementor-widget-heading .elementor-heading-title.elementor-size-xl{font-size:39px}.elementor-widget-heading .elementor-heading-title.elementor-size-xxl{font-size:59px}<\/style><h2 class=\"elementor-heading-title elementor-size-default\">Produse <\/h2>\t\t<\/div>\n\t\t\t\t<\/div>\n\t\t\t\t\t<\/div>\n\t\t<\/div>\n\t\t\t\t\t\t\t<\/div>\n\t\t<\/section>\n\t\t\t\t<section class=\"elementor-section elementor-top-section elementor-element elementor-element-157f367 elementor-section-boxed elementor-section-height-default elementor-section-height-default\" data-id=\"157f367\" data-element_type=\"section\">\n\t\t\t\t\t\t<div class=\"elementor-container elementor-column-gap-default\">\n\t\t\t\t\t<div class=\"elementor-column elementor-col-20 elementor-top-column elementor-element elementor-element-80b85e0\" data-id=\"80b85e0\" data-element_type=\"column\">\n\t\t\t<div class=\"elementor-widget-wrap elementor-element-populated\">\n\t\t\t\t\t\t\t\t<div class=\"elementor-element elementor-element-39a5b63 elementor-position-top elementor-vertical-align-top elementor-widget elementor-widget-image-box\" data-id=\"39a5b63\" data-element_type=\"widget\" data-widget_type=\"image-box.default\">\n\t\t\t\t<div class=\"elementor-widget-container\">\n\t\t\t<style>\/*! elementor - v3.13.3 - 22-05-2023 *\/\n.elementor-widget-image-box .elementor-image-box-content{width:100%}@media (min-width:768px){.elementor-widget-image-box.elementor-position-left .elementor-image-box-wrapper,.elementor-widget-image-box.elementor-position-right .elementor-image-box-wrapper{display:flex}.elementor-widget-image-box.elementor-position-right .elementor-image-box-wrapper{text-align:right;flex-direction:row-reverse}.elementor-widget-image-box.elementor-position-left .elementor-image-box-wrapper{text-align:left;flex-direction:row}.elementor-widget-image-box.elementor-position-top .elementor-image-box-img{margin:auto}.elementor-widget-image-box.elementor-vertical-align-top .elementor-image-box-wrapper{align-items:flex-start}.elementor-widget-image-box.elementor-vertical-align-middle .elementor-image-box-wrapper{align-items:center}.elementor-widget-image-box.elementor-vertical-align-bottom .elementor-image-box-wrapper{align-items:flex-end}}@media (max-width:767px){.elementor-widget-image-box .elementor-image-box-img{margin-left:auto!important;margin-right:auto!important;margin-bottom:15px}}.elementor-widget-image-box .elementor-image-box-img{display:inline-block}.elementor-widget-image-box .elementor-image-box-title a{color:inherit}.elementor-widget-image-box .elementor-image-box-wrapper{text-align:center}.elementor-widget-image-box .elementor-image-box-description{margin:0}<\/style><div class=\"elementor-image-box-wrapper\"><figure class=\"elementor-image-box-img\"><a href=\"https:\/\/www.latech.com.ro\/produse\/profile-pentru-pardoseli-wpc\/\"><img decoding=\"async\" width=\"640\" height=\"480\" src=\"https:\/\/www.latech.com.ro\/wp-content\/uploads\/2023\/06\/Latech-Composite-pardoseli-exterioare-wpc-ideale-pentru-exterioare.jpg\" class=\"attachment-full size-full wp-image-2798\" alt=\"\" srcset=\"https:\/\/www.latech.com.ro\/wp-content\/uploads\/2023\/06\/Latech-Composite-pardoseli-exterioare-wpc-ideale-pentru-exterioare.jpg 640w, https:\/\/www.latech.com.ro\/wp-content\/uploads\/2023\/06\/Latech-Composite-pardoseli-exterioare-wpc-ideale-pentru-exterioare-300x225.jpg 300w\" sizes=\"(max-width: 640px) 100vw, 640px\" \/><\/a><\/figure><div class=\"elementor-image-box-content\"><h3 class=\"elementor-image-box-title\"><a href=\"https:\/\/www.latech.com.ro\/produse\/profile-pentru-pardoseli-wpc\/\">Pardoseli WPC<\/a><\/h3><\/div><\/div>\t\t<\/div>\n\t\t\t\t<\/div>\n\t\t\t\t\t<\/div>\n\t\t<\/div>\n\t\t\t\t<div class=\"elementor-column elementor-col-20 elementor-top-column elementor-element elementor-element-5327ff1\" data-id=\"5327ff1\" data-element_type=\"column\">\n\t\t\t<div class=\"elementor-widget-wrap elementor-element-populated\">\n\t\t\t\t\t\t\t\t<div class=\"elementor-element elementor-element-3008af1 elementor-position-top elementor-vertical-align-top elementor-widget elementor-widget-image-box\" data-id=\"3008af1\" data-element_type=\"widget\" data-widget_type=\"image-box.default\">\n\t\t\t\t<div class=\"elementor-widget-container\">\n\t\t\t<div class=\"elementor-image-box-wrapper\"><figure class=\"elementor-image-box-img\"><a href=\"https:\/\/www.latech.com.ro\/ro\/produse\/riflaje-din-lemn-compozit-wpc-pentru-pereti-interiori-exteriori\/\"><img decoding=\"async\" width=\"838\" height=\"538\" src=\"https:\/\/www.latech.com.ro\/wp-content\/uploads\/2025\/03\/Riflaje-Latech-Composite-e1740930745990.webp\" class=\"attachment-full size-full wp-image-2986\" alt=\"Latech-composite-riflaje-interior-exterior-WPC-idei-de-folosire-1\" srcset=\"https:\/\/www.latech.com.ro\/wp-content\/uploads\/2025\/03\/Riflaje-Latech-Composite-e1740930745990.webp 838w, https:\/\/www.latech.com.ro\/wp-content\/uploads\/2025\/03\/Riflaje-Latech-Composite-e1740930745990-300x193.webp 300w, https:\/\/www.latech.com.ro\/wp-content\/uploads\/2025\/03\/Riflaje-Latech-Composite-e1740930745990-768x493.webp 768w\" sizes=\"(max-width: 838px) 100vw, 838px\" \/><\/a><\/figure><div class=\"elementor-image-box-content\"><h3 class=\"elementor-image-box-title\"><a href=\"https:\/\/www.latech.com.ro\/ro\/produse\/riflaje-din-lemn-compozit-wpc-pentru-pereti-interiori-exteriori\/\">Riflaje <\/a><\/h3><\/div><\/div>\t\t<\/div>\n\t\t\t\t<\/div>\n\t\t\t\t\t<\/div>\n\t\t<\/div>\n\t\t\t\t<div class=\"elementor-column elementor-col-20 elementor-top-column elementor-element elementor-element-8be6ca9\" data-id=\"8be6ca9\" data-element_type=\"column\">\n\t\t\t<div class=\"elementor-widget-wrap elementor-element-populated\">\n\t\t\t\t\t\t\t\t<div class=\"elementor-element elementor-element-baf1a3d elementor-position-top elementor-vertical-align-top elementor-widget elementor-widget-image-box\" data-id=\"baf1a3d\" data-element_type=\"widget\" data-widget_type=\"image-box.default\">\n\t\t\t\t<div class=\"elementor-widget-container\">\n\t\t\t<div class=\"elementor-image-box-wrapper\"><figure class=\"elementor-image-box-img\"><a href=\"https:\/\/www.latech.com.ro\/ro\/produse\/profile-din-lemn-compozit-wpc-pentru-fatade\/\"><img decoding=\"async\" width=\"770\" height=\"463\" src=\"https:\/\/www.latech.com.ro\/wp-content\/uploads\/2025\/03\/Latech-Composite-Panouri_WPC_fatade.jpg\" class=\"attachment-full size-full wp-image-3032\" alt=\"Latech-Composite-Panouri_WPC_fatade\" srcset=\"https:\/\/www.latech.com.ro\/wp-content\/uploads\/2025\/03\/Latech-Composite-Panouri_WPC_fatade.jpg 770w, https:\/\/www.latech.com.ro\/wp-content\/uploads\/2025\/03\/Latech-Composite-Panouri_WPC_fatade-300x180.jpg 300w, https:\/\/www.latech.com.ro\/wp-content\/uploads\/2025\/03\/Latech-Composite-Panouri_WPC_fatade-768x462.jpg 768w\" sizes=\"(max-width: 770px) 100vw, 770px\" \/><\/a><\/figure><div class=\"elementor-image-box-content\"><h3 class=\"elementor-image-box-title\"><a href=\"https:\/\/www.latech.com.ro\/ro\/produse\/profile-din-lemn-compozit-wpc-pentru-fatade\/\">Profile fa\u021bad\u0103 <\/a><\/h3><\/div><\/div>\t\t<\/div>\n\t\t\t\t<\/div>\n\t\t\t\t\t<\/div>\n\t\t<\/div>\n\t\t\t\t<div class=\"elementor-column elementor-col-20 elementor-top-column elementor-element elementor-element-b00acb9\" data-id=\"b00acb9\" data-element_type=\"column\">\n\t\t\t<div class=\"elementor-widget-wrap elementor-element-populated\">\n\t\t\t\t\t\t\t\t<div class=\"elementor-element elementor-element-9039c6d elementor-position-top elementor-vertical-align-top elementor-widget elementor-widget-image-box\" data-id=\"9039c6d\" data-element_type=\"widget\" data-widget_type=\"image-box.default\">\n\t\t\t\t<div class=\"elementor-widget-container\">\n\t\t\t<div class=\"elementor-image-box-wrapper\"><figure class=\"elementor-image-box-img\"><a href=\"https:\/\/www.latech.com.ro\/ro\/produse\/profile-wpc-pentru-garduri-si-casute\/\"><img decoding=\"async\" width=\"929\" height=\"577\" src=\"https:\/\/www.latech.com.ro\/wp-content\/uploads\/2025\/03\/Latech-Composite_panouri_gard_WPC.jpg\" class=\"attachment-full size-full wp-image-3033\" alt=\"Latech-Composite_panouri_gard_WPC\" srcset=\"https:\/\/www.latech.com.ro\/wp-content\/uploads\/2025\/03\/Latech-Composite_panouri_gard_WPC.jpg 929w, https:\/\/www.latech.com.ro\/wp-content\/uploads\/2025\/03\/Latech-Composite_panouri_gard_WPC-300x186.jpg 300w, https:\/\/www.latech.com.ro\/wp-content\/uploads\/2025\/03\/Latech-Composite_panouri_gard_WPC-768x477.jpg 768w\" sizes=\"(max-width: 929px) 100vw, 929px\" \/><\/a><\/figure><div class=\"elementor-image-box-content\"><h3 class=\"elementor-image-box-title\"><a href=\"https:\/\/www.latech.com.ro\/ro\/produse\/profile-wpc-pentru-garduri-si-casute\/\">Profile garduri \u0219i c\u0103su\u021be <\/a><\/h3><\/div><\/div>\t\t<\/div>\n\t\t\t\t<\/div>\n\t\t\t\t\t<\/div>\n\t\t<\/div>\n\t\t\t\t<div class=\"elementor-column elementor-col-20 elementor-top-column elementor-element elementor-element-df6687e\" data-id=\"df6687e\" data-element_type=\"column\">\n\t\t\t<div class=\"elementor-widget-wrap elementor-element-populated\">\n\t\t\t\t\t\t\t\t<div class=\"elementor-element elementor-element-2820d31 elementor-position-top elementor-vertical-align-top elementor-widget elementor-widget-image-box\" data-id=\"2820d31\" data-element_type=\"widget\" data-widget_type=\"image-box.default\">\n\t\t\t\t<div class=\"elementor-widget-container\">\n\t\t\t<div class=\"elementor-image-box-wrapper\"><figure class=\"elementor-image-box-img\"><a href=\"https:\/\/www.latech.com.ro\/ro\/produse\/accesorii\/\"><img decoding=\"async\" width=\"380\" height=\"480\" src=\"https:\/\/www.latech.com.ro\/wp-content\/uploads\/2023\/05\/Latech-composite-accesorii-pardoseli-exterioare.jpg\" class=\"attachment-full size-full wp-image-1545\" alt=\"Latech-composite-accesorii-pardoseli-exterioare\" srcset=\"https:\/\/www.latech.com.ro\/wp-content\/uploads\/2023\/05\/Latech-composite-accesorii-pardoseli-exterioare.jpg 380w, https:\/\/www.latech.com.ro\/wp-content\/uploads\/2023\/05\/Latech-composite-accesorii-pardoseli-exterioare-238x300.jpg 238w\" sizes=\"(max-width: 380px) 100vw, 380px\" \/><\/a><\/figure><div class=\"elementor-image-box-content\"><h3 class=\"elementor-image-box-title\"><a href=\"https:\/\/www.latech.com.ro\/ro\/produse\/accesorii\/\">Accesorii <\/a><\/h3><\/div><\/div>\t\t<\/div>\n\t\t\t\t<\/div>\n\t\t\t\t\t<\/div>\n\t\t<\/div>\n\t\t\t\t\t\t\t<\/div>\n\t\t<\/section>\n\t\t\t\t<section class=\"elementor-section elementor-top-section elementor-element elementor-element-72253ff3 elementor-section-boxed elementor-section-height-default elementor-section-height-default\" data-id=\"72253ff3\" data-element_type=\"section\">\n\t\t\t\t\t\t<div class=\"elementor-container elementor-column-gap-default\">\n\t\t\t\t\t<div class=\"elementor-column elementor-col-100 elementor-top-column elementor-element elementor-element-65450ed3\" data-id=\"65450ed3\" data-element_type=\"column\">\n\t\t\t<div class=\"elementor-widget-wrap elementor-element-populated\">\n\t\t\t\t\t\t\t\t<div class=\"elementor-element elementor-element-65756c7c elementor-widget elementor-widget-text-editor\" data-id=\"65756c7c\" data-element_type=\"widget\" data-widget_type=\"text-editor.default\">\n\t\t\t\t<div class=\"elementor-widget-container\">\n\t\t\t<style>\/*! elementor - v3.13.3 - 22-05-2023 *\/\n.elementor-widget-text-editor.elementor-drop-cap-view-stacked .elementor-drop-cap{background-color:#69727d;color:#fff}.elementor-widget-text-editor.elementor-drop-cap-view-framed .elementor-drop-cap{color:#69727d;border:3px solid;background-color:transparent}.elementor-widget-text-editor:not(.elementor-drop-cap-view-default) .elementor-drop-cap{margin-top:8px}.elementor-widget-text-editor:not(.elementor-drop-cap-view-default) .elementor-drop-cap-letter{width:1em;height:1em}.elementor-widget-text-editor .elementor-drop-cap{float:left;text-align:center;line-height:1;font-size:50px}.elementor-widget-text-editor .elementor-drop-cap-letter{display:inline-block}<\/style>\t\t\t\t<p><strong>Latech Composite <\/strong>\u00a0este divizia produse\u00a0 din materiale compozite ( WPC ) a companiei <strong>TOP TRUCK SRL<\/strong>. Aceste materiale\u00a0 sunt materiale ap\u0103rute destul de recent pe pia\u021b\u0103 \u0219i sunt\u00a0 fabricate printr-o tehnologie special\u0103, fiind compuse\u00a0 \u00een principal dintr-o pulbere de lemn, plastic, coloran\u021bi stabilizatori, etc.\u00a0<\/p><p>Din aceast\u0103 combina\u021bie de materiale diferite se produc o gam\u0103 diversificat\u0103 de profile pentru pardoseli solide , garduri, c\u0103su\u021be, riflaje, fa\u021bade, etc. cu un ciclu de via\u021b\u0103 de excep\u021bie, spre satisfac\u0163ia beneficiarilor<\/p><blockquote><p><br \/>Profilele din WPC produse de<strong> Latech Composite<\/strong>, sunt disponibile \u00eentr-o gam\u0103 larg\u0103 de culori, nuante si finisaje \u0219i v\u0103 permite s\u0103 crea\u021bi o oaz\u0103 de recreere \u00een aer liber. \u00centr-un cuv\u00e2nt, sunt superbe. De la clasic la contemporan, de la fibre de lemn tradi\u021bionale la lemn exotic, pute\u021bi g\u0103si aspectul care v\u0103 place.<br \/>Fiecare gama de profile este disponibil\u0103\u00a0 \u00eentr-o mare varietate de culori si finisaje, astfel incat ve\u021bi g\u0103si\u00a0 combina\u021bia perfect\u0103 care sa dea un aspect unic si personalizat proiectului tau.<\/p><p><span style=\"font-size: 16px;\">Expertii nostri sunt fericiti sa te ajute sa alegi solutia potrivit\u0103 si sa iei decizia corect\u0103 pentru a materializa planurile tale.<\/span><\/p><\/blockquote><p><strong>Aici poti contacta echipa noastra tehnica. \u00a0<\/strong><\/p><p>\u00a0<\/p><p>\u00a0<\/p><blockquote><p>Pl\u0103cile din lemn compozit sunt prezente de doar c\u00e2\u0163iva ani pe pia\u0163\u0103 dar, datorit\u0103 calit\u0103\u0163ii lor superioare, sunt folosite din ce \u00een ce mai mult pentru terase, balcoane, piscine, pontoane etc. Lemnul compozit este un material de viitor care are aspectul si calit\u0103\u0163ile esen\u0163elor rare clasice dar care ofer\u0103 o alternativ\u0103 fiabil\u0103 defri\u015f\u0103rilor masive ce afecteaz\u0103 mediul \u00eenconjur\u0103tor<\/p><\/blockquote><h4>Pardoselile din lemn plastifiat pentru terase produse de <strong>Latech Composite<\/strong> prezint\u0103 mai multe avantaje, printre care enumer\u0103m:<\/h4><ul><li>Evitarea apari\u0163iei cr\u0103p\u0103turilor, fisurilor sau existen\u0163a nodurilor<\/li><li>Suprafa\u0163a compact\u0103, f\u0103r\u0103 a\u015fchii, care ofer\u0103 siguran\u0163\u0103 \u00eempotriva r\u0103nilor provocate de acestea<\/li><li>Proiectarea pardoselilor asigura protec\u0163ia \u00eempotriva alunec\u0103rii, prin urmare sunt potrivite pentru utilizare \u00een aer liber sau locuri umede<\/li><li>Reprezint\u0103 locuri de joac\u0103\u00a0ideale pentru copii, oferind siguran\u0163\u0103 si \u00eencredere<\/li><li>Nu au nevoie de mult timp pentru \u00eentre\u0163inere si cur\u0103\u0163are, spre deosebire de pardoselile clasice, din lemn<\/li><li>Rezist\u0103 cu succes la intemperii, insecte, ciuperci si sunt ignifuge<\/li><li>Sunt reciclabile, 100% ecologice si au o un grad ridicat de durabilitate<\/li><\/ul><p>Compania noastr\u0103 produce pardoseli \u00een diferite nuan\u0163e si toate accesoriile necesare pentru montaj.<\/p><p>Pentru mai multe detalii si ob\u0163inerea ofertei ideale pentru nevoile dumneavoastr\u0103, nu ezita\u0163i s\u0103 ne contacta\u0163i!<\/p>\t\t\t\t\t\t<\/div>\n\t\t\t\t<\/div>\n\t\t\t\t\t<\/div>\n\t\t<\/div>\n\t\t\t\t\t\t\t<\/div>\n\t\t<\/section>\n\t\t\t\t\t\t\t<\/div>\n\t\t","protected":false},"excerpt":{"rendered":"<p>Produse Pardoseli WPC Riflaje Profile fa\u021bad\u0103 Profile garduri \u0219i c\u0103su\u021be Accesorii Latech Composite \u00a0este divizia produse\u00a0 din materiale compozite ( WPC ) a companiei TOP TRUCK SRL. Aceste materiale\u00a0 sunt materiale ap\u0103rute destul de recent pe pia\u021b\u0103 \u0219i sunt\u00a0 fabricate printr-o tehnologie special\u0103, fiind compuse\u00a0 \u00een principal dintr-o pulbere de lemn, plastic, coloran\u021bi stabilizatori, etc.\u00a0 [&hellip;]<\/p>\n","protected":false},"author":1,"featured_media":0,"parent":0,"menu_order":0,"comment_status":"closed","ping_status":"closed","template":"","meta":{"_uag_custom_page_level_css":"","site-sidebar-layout":"default","site-content-layout":"default","ast-site-content-layout":"default","site-content-style":"default","site-sidebar-style":"default","ast-global-header-display":"","ast-banner-title-visibility":"","ast-main-header-display":"","ast-hfb-above-header-display":"","ast-hfb-below-header-display":"","ast-hfb-mobile-header-display":"","site-post-title":"","ast-breadcrumbs-content":"","ast-featured-img":"","footer-sml-layout":"","theme-transparent-header-meta":"default","adv-header-id-meta":"","stick-header-meta":"default","header-above-stick-meta":"","header-main-stick-meta":"","header-below-stick-meta":"","astra-migrate-meta-layouts":"set","ast-page-background-enabled":"default","ast-page-background-meta":{"desktop":{"background-color":"var(--ast-global-color-4)","background-image":"","background-repeat":"repeat","background-position":"center center","background-size":"auto","background-attachment":"scroll","background-type":"","background-media":"","overlay-type":"","overlay-color":"","overlay-opacity":"","overlay-gradient":""},"tablet":{"background-color":"","background-image":"","background-repeat":"repeat","background-position":"center center","background-size":"auto","background-attachment":"scroll","background-type":"","background-media":"","overlay-type":"","overlay-color":"","overlay-opacity":"","overlay-gradient":""},"mobile":{"background-color":"","background-image":"","background-repeat":"repeat","background-position":"center center","background-size":"auto","background-attachment":"scroll","background-type":"","background-media":"","overlay-type":"","overlay-color":"","overlay-opacity":"","overlay-gradient":""}},"ast-content-background-meta":{"desktop":{"background-color":"var(--ast-global-color-5)","background-image":"","background-repeat":"repeat","background-position":"center center","background-size":"auto","background-attachment":"scroll","background-type":"","background-media":"","overlay-type":"","overlay-color":"","overlay-opacity":"","overlay-gradient":""},"tablet":{"background-color":"var(--ast-global-color-5)","background-image":"","background-repeat":"repeat","background-position":"center center","background-size":"auto","background-attachment":"scroll","background-type":"","background-media":"","overlay-type":"","overlay-color":"","overlay-opacity":"","overlay-gradient":""},"mobile":{"background-color":"var(--ast-global-color-5)","background-image":"","background-repeat":"repeat","background-position":"center center","background-size":"auto","background-attachment":"scroll","background-type":"","background-media":"","overlay-type":"","overlay-color":"","overlay-opacity":"","overlay-gradient":""}},"footnotes":""},"class_list":["post-2","page","type-page","status-publish","hentry"],"uagb_featured_image_src":{"full":false,"thumbnail":false,"medium":false,"medium_large":false,"large":false,"1536x1536":false,"2048x2048":false},"uagb_author_info":{"display_name":"Admin","author_link":"https:\/\/www.latech.com.ro\/ro\/author\/admin\/"},"uagb_comment_info":0,"uagb_excerpt":"Produse Pardoseli WPC Riflaje Profile fa\u021bad\u0103 Profile garduri \u0219i c\u0103su\u021be Accesorii Latech Composite \u00a0este divizia produse\u00a0 din materiale compozite ( WPC ) a companiei TOP TRUCK SRL. Aceste materiale\u00a0 sunt materiale ap\u0103rute destul de recent pe pia\u021b\u0103 \u0219i sunt\u00a0 fabricate printr-o tehnologie special\u0103, fiind compuse\u00a0 \u00een principal dintr-o pulbere de lemn, plastic, coloran\u021bi stabilizatori, etc.\u00a0&hellip;","_links":{"self":[{"href":"https:\/\/www.latech.com.ro\/ro\/wp-json\/wp\/v2\/pages\/2"}],"collection":[{"href":"https:\/\/www.latech.com.ro\/ro\/wp-json\/wp\/v2\/pages"}],"about":[{"href":"https:\/\/www.latech.com.ro\/ro\/wp-json\/wp\/v2\/types\/page"}],"author":[{"embeddable":true,"href":"https:\/\/www.latech.com.ro\/ro\/wp-json\/wp\/v2\/users\/1"}],"replies":[{"embeddable":true,"href":"https:\/\/www.latech.com.ro\/ro\/wp-json\/wp\/v2\/comments?post=2"}],"version-history":[{"count":3,"href":"https:\/\/www.latech.com.ro\/ro\/wp-json\/wp\/v2\/pages\/2\/revisions"}],"predecessor-version":[{"id":3219,"href":"https:\/\/www.latech.com.ro\/ro\/wp-json\/wp\/v2\/pages\/2\/revisions\/3219"}],"wp:attachment":[{"href":"https:\/\/www.latech.com.ro\/ro\/wp-json\/wp\/v2\/media?parent=2"}],"curies":[{"name":"wp","href":"https:\/\/api.w.org\/{rel}","templated":true}]}}