{"id":18,"date":"2023-05-13T22:32:35","date_gmt":"2023-05-13T19:32:35","guid":{"rendered":"http:\/\/www.latech.com.ro\/?page_id=18"},"modified":"2025-04-29T20:10:31","modified_gmt":"2025-04-29T17:10:31","slug":"servicii","status":"publish","type":"page","link":"https:\/\/www.latech.com.ro\/ro\/servicii\/","title":{"rendered":"Servicii"},"content":{"rendered":"\t\t<div data-elementor-type=\"wp-page\" data-elementor-id=\"18\" class=\"elementor elementor-18\">\n\t\t\t\t\t\t\t\t\t<section class=\"elementor-section elementor-top-section elementor-element elementor-element-64b172c8 elementor-section-boxed elementor-section-height-default elementor-section-height-default\" data-id=\"64b172c8\" data-element_type=\"section\">\n\t\t\t\t\t\t<div class=\"elementor-container elementor-column-gap-default\">\n\t\t\t\t\t<div class=\"elementor-column elementor-col-100 elementor-top-column elementor-element elementor-element-5eaf0564\" data-id=\"5eaf0564\" data-element_type=\"column\">\n\t\t\t<div class=\"elementor-widget-wrap elementor-element-populated\">\n\t\t\t\t\t\t\t\t<div class=\"elementor-element elementor-element-2a9f5764 elementor-widget elementor-widget-text-editor\" data-id=\"2a9f5764\" data-element_type=\"widget\" data-widget_type=\"text-editor.default\">\n\t\t\t\t<div class=\"elementor-widget-container\">\n\t\t\t<style>\/*! elementor - v3.13.3 - 22-05-2023 *\/\n.elementor-widget-text-editor.elementor-drop-cap-view-stacked .elementor-drop-cap{background-color:#69727d;color:#fff}.elementor-widget-text-editor.elementor-drop-cap-view-framed .elementor-drop-cap{color:#69727d;border:3px solid;background-color:transparent}.elementor-widget-text-editor:not(.elementor-drop-cap-view-default) .elementor-drop-cap{margin-top:8px}.elementor-widget-text-editor:not(.elementor-drop-cap-view-default) .elementor-drop-cap-letter{width:1em;height:1em}.elementor-widget-text-editor .elementor-drop-cap{float:left;text-align:center;line-height:1;font-size:50px}.elementor-widget-text-editor .elementor-drop-cap-letter{display:inline-block}<\/style>\t\t\t\t<p>Dac\u0103 sunte\u0163i \u00een c\u0103utarea unei companii de incredere de pardoseli exterioare, atunci Latech Composite&nbsp;este o op\u021biune demn\u0103 de luat \u00eenseam\u0103. Suntem o firma specializat\u0103 \u00een cercetarea, produc\u0163ia \u015fi v\u00e2nzarea de produse din lemn compozit WPC (wood plastic composite), produse utilizate \u00een special pentru pardoseli exterioare, terase, plac\u0103ri pere\u0163i, garduri, mobilier urban, pontoane, etc.<\/p>\n<p>Analiz\u00e2nd nevoile pie\u0163ei, Latech Composite&nbsp;se preocup\u0103 permanent de cre\u015fterea gamei de produse \u0219i servicii, de asemenea avem grija s\u0103 satisfacem nevoile \u0219i a\u0219tept\u0103rile clien\u021bilor no\u0219tri. Ne str\u0103duim s\u0103 oferim disponibilitate continu\u0103 pentru produselor noastre, livrare rapida, consiliere de specialitate \u0219i montaj profesional.<\/p>\n<p>Daca sunteti interesa\u021bi de produsele noastre, va rugam nu ezita\u0163i s\u0103 ne contacta\u0163i!<\/p>\n<p><\/p>\t\t\t\t\t\t<\/div>\n\t\t\t\t<\/div>\n\t\t\t\t\t<\/div>\n\t\t<\/div>\n\t\t\t\t\t\t\t<\/div>\n\t\t<\/section>\n\t\t\t\t<section class=\"elementor-section elementor-top-section elementor-element elementor-element-28a31e1 elementor-section-boxed elementor-section-height-default elementor-section-height-default\" data-id=\"28a31e1\" data-element_type=\"section\">\n\t\t\t\t\t\t<div class=\"elementor-container elementor-column-gap-default\">\n\t\t\t\t\t<div class=\"elementor-column elementor-col-100 elementor-top-column elementor-element elementor-element-c042d06\" data-id=\"c042d06\" data-element_type=\"column\">\n\t\t\t<div class=\"elementor-widget-wrap elementor-element-populated\">\n\t\t\t\t\t\t\t\t<div class=\"elementor-element elementor-element-bb2db17 elementor-widget elementor-widget-image\" data-id=\"bb2db17\" data-element_type=\"widget\" data-widget_type=\"image.default\">\n\t\t\t\t<div class=\"elementor-widget-container\">\n\t\t\t<style>\/*! elementor - v3.13.3 - 22-05-2023 *\/\n.elementor-widget-image{text-align:center}.elementor-widget-image a{display:inline-block}.elementor-widget-image a img[src$=\".svg\"]{width:48px}.elementor-widget-image img{vertical-align:middle;display:inline-block}<\/style>\t\t\t\t\t\t\t\t\t\t\t\t<img decoding=\"async\" src=\"https:\/\/www.latech.com.ro\/wp-content\/uploads\/2025\/04\/Latech-Composite-banner-1200x628.webp\" title=\"Latech-Composite-banner\" alt=\"Latech-Composite-banner\" loading=\"lazy\" \/>\t\t\t\t\t\t\t\t\t\t\t\t\t\t\t<\/div>\n\t\t\t\t<\/div>\n\t\t\t\t\t<\/div>\n\t\t<\/div>\n\t\t\t\t\t\t\t<\/div>\n\t\t<\/section>\n\t\t\t\t\t\t\t<\/div>\n\t\t","protected":false},"excerpt":{"rendered":"<p>Dac\u0103 sunte\u0163i \u00een c\u0103utarea unei companii de incredere de pardoseli exterioare, atunci Latech Composite&nbsp;este o op\u021biune demn\u0103 de luat \u00eenseam\u0103. Suntem o firma specializat\u0103 \u00een cercetarea, produc\u0163ia \u015fi v\u00e2nzarea de produse din lemn compozit WPC (wood plastic composite), produse utilizate \u00een special pentru pardoseli exterioare, terase, plac\u0103ri pere\u0163i, garduri, mobilier urban, pontoane, etc. Analiz\u00e2nd nevoile [&hellip;]<\/p>\n","protected":false},"author":1,"featured_media":0,"parent":0,"menu_order":0,"comment_status":"closed","ping_status":"closed","template":"","meta":{"_uag_custom_page_level_css":"","site-sidebar-layout":"default","site-content-layout":"default","ast-site-content-layout":"","site-content-style":"default","site-sidebar-style":"default","ast-global-header-display":"","ast-banner-title-visibility":"","ast-main-header-display":"","ast-hfb-above-header-display":"","ast-hfb-below-header-display":"","ast-hfb-mobile-header-display":"","site-post-title":"","ast-breadcrumbs-content":"","ast-featured-img":"","footer-sml-layout":"","theme-transparent-header-meta":"default","adv-header-id-meta":"","stick-header-meta":"default","header-above-stick-meta":"","header-main-stick-meta":"","header-below-stick-meta":"","astra-migrate-meta-layouts":"default","ast-page-background-enabled":"default","ast-page-background-meta":{"desktop":{"background-color":"var(--ast-global-color-4)","background-image":"","background-repeat":"repeat","background-position":"center center","background-size":"auto","background-attachment":"scroll","background-type":"","background-media":"","overlay-type":"","overlay-color":"","overlay-opacity":"","overlay-gradient":""},"tablet":{"background-color":"","background-image":"","background-repeat":"repeat","background-position":"center center","background-size":"auto","background-attachment":"scroll","background-type":"","background-media":"","overlay-type":"","overlay-color":"","overlay-opacity":"","overlay-gradient":""},"mobile":{"background-color":"","background-image":"","background-repeat":"repeat","background-position":"center center","background-size":"auto","background-attachment":"scroll","background-type":"","background-media":"","overlay-type":"","overlay-color":"","overlay-opacity":"","overlay-gradient":""}},"ast-content-background-meta":{"desktop":{"background-color":"var(--ast-global-color-5)","background-image":"","background-repeat":"repeat","background-position":"center center","background-size":"auto","background-attachment":"scroll","background-type":"","background-media":"","overlay-type":"","overlay-color":"","overlay-opacity":"","overlay-gradient":""},"tablet":{"background-color":"var(--ast-global-color-5)","background-image":"","background-repeat":"repeat","background-position":"center center","background-size":"auto","background-attachment":"scroll","background-type":"","background-media":"","overlay-type":"","overlay-color":"","overlay-opacity":"","overlay-gradient":""},"mobile":{"background-color":"var(--ast-global-color-5)","background-image":"","background-repeat":"repeat","background-position":"center center","background-size":"auto","background-attachment":"scroll","background-type":"","background-media":"","overlay-type":"","overlay-color":"","overlay-opacity":"","overlay-gradient":""}},"footnotes":""},"class_list":["post-18","page","type-page","status-publish","hentry"],"uagb_featured_image_src":{"full":false,"thumbnail":false,"medium":false,"medium_large":false,"large":false,"1536x1536":false,"2048x2048":false},"uagb_author_info":{"display_name":"Admin","author_link":"https:\/\/www.latech.com.ro\/ro\/author\/admin\/"},"uagb_comment_info":0,"uagb_excerpt":"Dac\u0103 sunte\u0163i \u00een c\u0103utarea unei companii de incredere de pardoseli exterioare, atunci Latech Composite&nbsp;este o op\u021biune demn\u0103 de luat \u00eenseam\u0103. Suntem o firma specializat\u0103 \u00een cercetarea, produc\u0163ia \u015fi v\u00e2nzarea de produse din lemn compozit WPC (wood plastic composite), produse utilizate \u00een special pentru pardoseli exterioare, terase, plac\u0103ri pere\u0163i, garduri, mobilier urban, pontoane, etc. Analiz\u00e2nd nevoile&hellip;","_links":{"self":[{"href":"https:\/\/www.latech.com.ro\/ro\/wp-json\/wp\/v2\/pages\/18"}],"collection":[{"href":"https:\/\/www.latech.com.ro\/ro\/wp-json\/wp\/v2\/pages"}],"about":[{"href":"https:\/\/www.latech.com.ro\/ro\/wp-json\/wp\/v2\/types\/page"}],"author":[{"embeddable":true,"href":"https:\/\/www.latech.com.ro\/ro\/wp-json\/wp\/v2\/users\/1"}],"replies":[{"embeddable":true,"href":"https:\/\/www.latech.com.ro\/ro\/wp-json\/wp\/v2\/comments?post=18"}],"version-history":[{"count":6,"href":"https:\/\/www.latech.com.ro\/ro\/wp-json\/wp\/v2\/pages\/18\/revisions"}],"predecessor-version":[{"id":3310,"href":"https:\/\/www.latech.com.ro\/ro\/wp-json\/wp\/v2\/pages\/18\/revisions\/3310"}],"wp:attachment":[{"href":"https:\/\/www.latech.com.ro\/ro\/wp-json\/wp\/v2\/media?parent=18"}],"curies":[{"name":"wp","href":"https:\/\/api.w.org\/{rel}","templated":true}]}}